{"id":42,"date":"2015-08-20T23:03:24","date_gmt":"2015-08-20T22:03:24","guid":{"rendered":"http:\/\/www.sporilovskams.cz\/trencinska\/?page_id=42"},"modified":"2022-03-17T18:11:34","modified_gmt":"2022-03-17T17:11:34","slug":"video","status":"publish","type":"page","link":"https:\/\/www.sporilovskams.cz\/trencinska\/video\/","title":{"rendered":"Video"},"content":{"rendered":"<p style=\"text-align: center;\"><span style=\"color: #800000; font-family: arial black,avant garde; font-size: 12pt;\"><strong>Zde si m\u016f\u017eete prohl\u00e9dnout videa ze \u017eivota na\u0161\u00ed \u0161koly. Jde o neve\u0159ejnou produkci, dostupnou pouze formou linku z t\u011bchto webov\u00fdch str\u00e1nek. <\/strong><\/span><\/p>\n<p>&nbsp;<\/p>\n<p style=\"text-align: center;\"><iframe loading=\"lazy\" src=\"https:\/\/www.youtube.com\/embed\/oI005dD97Jw?rel=0\" allowfullscreen=\"allowfullscreen\" width=\"640\" height=\"360\" frameborder=\"0\"><\/iframe><\/p>\n<p>&nbsp;<\/p>\n<p style=\"text-align: center;\"><iframe loading=\"lazy\" src=\"https:\/\/www.youtube.com\/embed\/mteyloo4WiI?rel=0\" allowfullscreen=\"allowfullscreen\" width=\"640\" height=\"360\" frameborder=\"0\"><\/iframe><\/p>\n<p>&nbsp;<\/p>\n<p style=\"text-align: center;\"><iframe loading=\"lazy\" src=\"https:\/\/www.youtube.com\/embed\/7yjx3PXfZyk?rel=0\" allowfullscreen=\"allowfullscreen\" width=\"640\" height=\"360\" frameborder=\"0\"><\/iframe><\/p>\n<p>&nbsp;<\/p>\n<p style=\"text-align: center;\"><iframe loading=\"lazy\" src=\"https:\/\/www.youtube.com\/embed\/yOtTSzeUzOg?rel=0\" allowfullscreen=\"allowfullscreen\" width=\"640\" height=\"360\" frameborder=\"0\"><\/iframe><br \/>\n&lt;\/p &gt;&nbsp;<\/p>\n<p style=\"text-align: center;\"><iframe loading=\"lazy\" src=\"https:\/\/www.youtube.com\/embed\/8WfHQPjwYH8?rel=0\" allowfullscreen=\"allowfullscreen\" width=\"640\" height=\"360\" frameborder=\"0\"><\/iframe><\/p>\n","protected":false},"excerpt":{"rendered":"<p>Zde si m\u016f\u017eete prohl\u00e9dnout videa ze \u017eivota na\u0161\u00ed \u0161koly. Jde o neve\u0159ejnou produkci, dostupnou pouze formou linku z t\u011bchto webov\u00fdch str\u00e1nek. &nbsp; &nbsp; &nbsp; &nbsp; &lt;\/p &gt;&nbsp;<\/p>\n","protected":false},"author":1,"featured_media":0,"parent":0,"menu_order":0,"comment_status":"closed","ping_status":"closed","template":"","meta":{"neve_meta_sidebar":"","neve_meta_container":"","neve_meta_enable_content_width":"","neve_meta_content_width":0,"neve_meta_title_alignment":"","neve_meta_author_avatar":"","neve_post_elements_order":"","neve_meta_disable_header":"","neve_meta_disable_footer":"","neve_meta_disable_title":"","ngg_post_thumbnail":0,"footnotes":""},"class_list":["post-42","page","type-page","status-publish","hentry"],"_links":{"self":[{"href":"https:\/\/www.sporilovskams.cz\/trencinska\/wp-json\/wp\/v2\/pages\/42","targetHints":{"allow":["GET"]}}],"collection":[{"href":"https:\/\/www.sporilovskams.cz\/trencinska\/wp-json\/wp\/v2\/pages"}],"about":[{"href":"https:\/\/www.sporilovskams.cz\/trencinska\/wp-json\/wp\/v2\/types\/page"}],"author":[{"embeddable":true,"href":"https:\/\/www.sporilovskams.cz\/trencinska\/wp-json\/wp\/v2\/users\/1"}],"replies":[{"embeddable":true,"href":"https:\/\/www.sporilovskams.cz\/trencinska\/wp-json\/wp\/v2\/comments?post=42"}],"version-history":[{"count":6,"href":"https:\/\/www.sporilovskams.cz\/trencinska\/wp-json\/wp\/v2\/pages\/42\/revisions"}],"predecessor-version":[{"id":1772,"href":"https:\/\/www.sporilovskams.cz\/trencinska\/wp-json\/wp\/v2\/pages\/42\/revisions\/1772"}],"wp:attachment":[{"href":"https:\/\/www.sporilovskams.cz\/trencinska\/wp-json\/wp\/v2\/media?parent=42"}],"curies":[{"name":"wp","href":"https:\/\/api.w.org\/{rel}","templated":true}]}}