{"id":40,"date":"2015-08-20T23:03:09","date_gmt":"2015-08-20T22:03:09","guid":{"rendered":"http:\/\/www.sporilovskams.cz\/trencinska\/?page_id=40"},"modified":"2025-02-05T14:27:48","modified_gmt":"2025-02-05T13:27:48","slug":"foto","status":"publish","type":"page","link":"https:\/\/www.sporilovskams.cz\/trencinska\/foto\/","title":{"rendered":"Foto"},"content":{"rendered":"<p><span style=\"font-family: arial black, sans-serif; color: #800000;\"><a style=\"color: #800000;\" href=\"https:\/\/www.sporilovskams.cz\/trencinska\/video\/\">Videoprezentace \u0161koly<\/a><\/span><\/p>\n<p>&nbsp;<\/p>\n<p><span style=\"color: #800000; font-family: arial black,sans-serif; font-size: 14pt;\"><strong>\u0160koln\u00ed zahrada<\/strong><\/span><br \/>\n&nbsp;<br \/>\nngg_shortcode_0_placeholder<br \/>\n&nbsp;<br \/>\n&nbsp;<br \/>\n<span style=\"color: #800000; font-family: arial black,sans-serif; font-size: 14pt;\"><strong>V na\u0161\u00ed \u0161kole<\/strong><\/span><br \/>\n&nbsp;<br \/>\nngg_shortcode_1_placeholder<\/p>\n","protected":false},"excerpt":{"rendered":"<p>Videoprezentace \u0161koly &nbsp; \u0160koln\u00ed zahrada &nbsp; &nbsp; &nbsp; V na\u0161\u00ed \u0161kole &nbsp;<\/p>\n","protected":false},"author":1,"featured_media":0,"parent":0,"menu_order":0,"comment_status":"closed","ping_status":"closed","template":"","meta":{"neve_meta_sidebar":"","neve_meta_container":"","neve_meta_enable_content_width":"off","neve_meta_content_width":100,"neve_meta_title_alignment":"","neve_meta_author_avatar":"","neve_post_elements_order":"","neve_meta_disable_header":"","neve_meta_disable_footer":"","neve_meta_disable_title":"","ngg_post_thumbnail":0,"footnotes":""},"class_list":["post-40","page","type-page","status-publish","hentry"],"_links":{"self":[{"href":"https:\/\/www.sporilovskams.cz\/trencinska\/wp-json\/wp\/v2\/pages\/40","targetHints":{"allow":["GET"]}}],"collection":[{"href":"https:\/\/www.sporilovskams.cz\/trencinska\/wp-json\/wp\/v2\/pages"}],"about":[{"href":"https:\/\/www.sporilovskams.cz\/trencinska\/wp-json\/wp\/v2\/types\/page"}],"author":[{"embeddable":true,"href":"https:\/\/www.sporilovskams.cz\/trencinska\/wp-json\/wp\/v2\/users\/1"}],"replies":[{"embeddable":true,"href":"https:\/\/www.sporilovskams.cz\/trencinska\/wp-json\/wp\/v2\/comments?post=40"}],"version-history":[{"count":8,"href":"https:\/\/www.sporilovskams.cz\/trencinska\/wp-json\/wp\/v2\/pages\/40\/revisions"}],"predecessor-version":[{"id":2448,"href":"https:\/\/www.sporilovskams.cz\/trencinska\/wp-json\/wp\/v2\/pages\/40\/revisions\/2448"}],"wp:attachment":[{"href":"https:\/\/www.sporilovskams.cz\/trencinska\/wp-json\/wp\/v2\/media?parent=40"}],"curies":[{"name":"wp","href":"https:\/\/api.w.org\/{rel}","templated":true}]}}