{"id":35,"date":"2015-08-20T23:02:27","date_gmt":"2015-08-20T22:02:27","guid":{"rendered":"http:\/\/www.sporilovskams.cz\/trencinska\/?page_id=35"},"modified":"2026-04-24T17:24:04","modified_gmt":"2026-04-24T16:24:04","slug":"jidelnicek","status":"publish","type":"page","link":"https:\/\/www.sporilovskams.cz\/trencinska\/jidelnicek\/","title":{"rendered":"J\u00eddeln\u00ed\u010dek"},"content":{"rendered":"<p style=\"text-align: left\"><span style=\"font-size: 24pt\"><span style=\"color: #800000;font-family: arial, helvetica, sans-serif\"><b>27. 4. &#8211; 1.5. 2026<\/b><\/span><\/span><\/p>\r\n<p><span style=\"font-family: arial, helvetica, sans-serif;font-size: 12pt\">\u00a0 \u00a0 \u00a0 \u00a0 \u00a0 \u00a0 \u00a0 \u00a0 \u00a0 \u00a0 \u00a0 \u00a0 \u00a0 \u00a0 \u00a0 \u00a0 \u00a0 \u00a0<strong><span style=\"color: #800000\">\u00a0 \u00a0 \u00a0 \u00a0 \u00a0 \u00a0 \u00a0 \u00a0<\/span><\/strong><\/span><\/p>\r\n<p><span style=\"font-family: arial, helvetica, sans-serif;font-size: 12pt;color: #993300\"><strong>Pond\u011bl\u00ed:<\/strong><\/span><\/p>\r\n<p><span style=\"font-family: arial, helvetica, sans-serif;font-size: 12pt;color: #0000ff\"><strong>sva\u010dina:<\/strong><\/span><\/p>\r\n<p>chl\u00e9b s pomaz. z lososa, oblo\u017e. zeleninou,<\/p>\r\n<p>hroznov\u00e9 v\u00edno, \u010daj (A: 1.4.7)<\/p>\r\n<p><span style=\"font-family: arial, helvetica, sans-serif;font-size: 12pt;color: #000000\"><strong><span style=\"color: #0000ff\">ob\u011bd:\u00a0<\/span><\/strong><\/span><span style=\"color: #0000ff;font-family: arial, helvetica, sans-serif;font-size: 12pt\">\u00a0 \u00a0<\/span><\/p>\r\n<p>pol. &#8211; z \u010derven\u00e9 \u010do\u010dky\u00a0 (A: 9.7)<\/p>\r\n<p>bramborov\u00e9 \u0161i\u0161ky s m\u00e1kem, ml\u00e9ko, \u010daj<\/p>\r\n<p>(A: 1.7)<\/p>\r\n<p><strong style=\"color: #0000ff;font-family: arial, helvetica, sans-serif;font-size: 12pt\">sva\u010dina:<\/strong><\/p>\r\n<p>s\u00fdrov\u00fd cop, jablko, ml\u00e9ko, \u010daj (A: 1.7)<\/p>\r\n<p>&nbsp;<\/p>\r\n<p><span style=\"color: #000000;font-family: arial, helvetica, sans-serif;font-size: 12pt\"><strong><span style=\"color: #993300\">\u00dater\u00fd:<\/span>\u00a0 \u00a0 \u00a0 \u00a0<\/strong><\/span><\/p>\r\n<p><span style=\"font-family: arial, helvetica, sans-serif;font-size: 12pt;color: #000000\"><span style=\"color: #0000ff\"><strong>sva\u010dina:\u00a0\u00a0<\/strong><\/span><\/span><\/p>\r\n<p>chl\u00e9b s vaje\u010dnou pomaz., oblo\u017e. zeleninou,<\/p>\r\n<p>ovoce, ml\u00e9ko, \u010daj (A: 1.7.3.10)<\/p>\r\n<p><span style=\"font-family: arial, helvetica, sans-serif;font-size: 12pt;color: #000000\"><span style=\"color: #0000ff\"><strong>ob\u011bd:<\/strong><\/span>\u00a0 <\/span><\/p>\r\n<p><span style=\"font-family: georgia, palatino, serif;font-size: 12pt;color: #000000\">pol. &#8211; d\u00fd\u0148ov\u00fd kr\u00e9m\u00a0 (A: 7.1)\u00a0 \u00a0\u00a0<\/span><\/p>\r\n<p>ku\u0159ec\u00ed maso na raj\u010datech, t\u011bstoviny, \u010daj\u00a0 (A: 1.7)<\/p>\r\n<p><span style=\"font-family: arial, helvetica, sans-serif;font-size: 12pt;color: #000000\"><span style=\"color: #0000ff\"><strong>sva\u010dina:<\/strong><\/span><\/span><\/p>\r\n<p>slune\u010d. chl\u00e9b s pomaz. Duko,\u00a0 zelenina,<\/p>\r\n<p><span style=\"color: #000000;font-family: georgia, palatino, serif;font-size: 12pt\">\u00a0ml\u00e9ko, \u010daj (A: 1.13.7)<\/span><\/p>\r\n<p>&nbsp;<\/p>\r\n<p><span style=\"font-family: arial, helvetica, sans-serif;font-size: 12pt;color: #993300\"><strong>St\u0159eda: <\/strong><\/span><\/p>\r\n<p><span style=\"font-family: arial, helvetica, sans-serif;font-size: 12pt;color: #000000\"><strong><span style=\"color: #0000ff\">sva\u010dina:<\/span><\/strong><\/span><\/p>\r\n<p><span style=\"color: #000000;font-family: georgia, palatino, serif;font-size: 12pt\">\u0159eck\u00fd jogurt s ovocn\u00fdm p\u0159elivem, ban\u00e1n,<\/span><\/p>\r\n<p><span style=\"color: #000000;font-family: georgia, palatino, serif;font-size: 12pt\">DART bagetka, \u010daj (A: 1.7.11)<\/span><\/p>\r\n<p><span style=\"color: #0000ff\"><strong><span style=\"font-family: arial, helvetica, sans-serif;font-size: 12pt\">ob\u011bd:\u00a0<\/span><\/strong><\/span><span style=\"font-family: arial, helvetica, sans-serif;font-size: 12pt;color: #000000\">\u00a0<\/span><\/p>\r\n<p><span style=\"font-family: georgia, palatino, serif;font-size: 12pt;color: #000000\">pol. &#8211; vlo\u010dkov\u00e1 (A: 9.7)<\/span><\/p>\r\n<p><span style=\"color: #000000;font-family: georgia, palatino, serif\"><span style=\"color: #000000\">vep\u0159ov\u00e1 k\u00fdta v BABY karotce, brambor, \u010daj<\/span><\/span><\/p>\r\n<p>(A: 1.7)<\/p>\r\n<p><span style=\"color: #000000;font-family: arial, helvetica, sans-serif;font-size: 12pt\"><span style=\"color: #0000ff\"><strong>sva\u010dina:<\/strong><\/span><\/span><\/p>\r\n<p><span style=\"font-family: arial, helvetica, sans-serif\"><span style=\"font-family: arial, helvetica, sans-serif;font-size: 12pt;color: #000000\"><span style=\"font-family: georgia, palatino, serif\">chl\u00e9b s pomaz. m\u00e1slem, <\/span><\/span><\/span><\/p>\r\n<p><span style=\"font-family: arial, helvetica, sans-serif\"><span style=\"font-family: arial, helvetica, sans-serif;font-size: 12pt;color: #000000\"><span style=\"font-family: georgia, palatino, serif\">zelenina, b\u00edl\u00e1 k\u00e1va, \u010daj (A: 1.7)<\/span><\/span><\/span><\/p>\r\n<p><span style=\"color: #000000;font-family: arial, helvetica, sans-serif;font-size: 12pt\">\u00a0 \u00a0 \u00a0 \u00a0<\/span><\/p>\r\n<p><span style=\"font-family: arial, helvetica, sans-serif;font-size: 12pt;color: #993300\"><strong>\u010ctvrtek: <\/strong><\/span><\/p>\r\n<p><span style=\"font-family: arial, helvetica, sans-serif;font-size: 12pt;color: #000000\"><span style=\"color: #0000ff\"><strong>sva\u010dina:<\/strong><\/span><\/span><\/p>\r\n<p>\u017eitn\u00e1 ve\u010dka se s\u00fdrovou pomaz., oblo\u017e. zeleninou,<\/p>\r\n<p>ovoce, ml\u00e9ko,\u00a0 \u010daj (A: 1.7)<\/p>\r\n<p><span style=\"font-family: arial, helvetica, sans-serif;font-size: 12pt;color: #000000;background-color: #ffffff\"><strong><span style=\"color: #0000ff\">ob\u011bd:\u00a0 \u00a0 \u00a0<\/span><\/strong><\/span><\/p>\r\n<p><span style=\"font-family: arial, helvetica, sans-serif;font-size: 12pt;color: #000000;background-color: #ffffff\"><span style=\"font-family: georgia, palatino, serif\">pol. &#8211; km\u00ednov\u00e1 s kap\u00e1n\u00edm\u00a0 (A: 9.7.1.3)<\/span><\/span><\/p>\r\n<p><span style=\"font-family: georgia, palatino, serif;color: #000000\">zeleninov\u00e9 rizoto s masem a cizrnou,<\/span><\/p>\r\n<p>okurka, \u010daj<\/p>\r\n<p><span style=\"font-family: georgia, palatino, serif;color: #000000\">\u00a0(A: 10.7)<\/span><\/p>\r\n<p><span style=\"color: #000000;font-size: 12pt;font-family: arial, helvetica, sans-serif\"><span style=\"color: #0000ff\"><strong>sva\u010dina:<\/strong><\/span><\/span><\/p>\r\n<p>p\u0159esn\u00edd\u00e1vka, pi\u0161koty, \u010daj (A: 1.3)<\/p>\r\n<p>&nbsp;<\/p>\r\n<p><span style=\"font-family: arial, helvetica, sans-serif;font-size: 12pt;color: #000000\"><strong><span style=\"color: #993300\">P\u00e1tek:<\/span><br \/><\/strong><\/span><\/p>\r\n<p><span style=\"color: #000000;font-family: arial, helvetica, sans-serif;font-size: 12pt\"><span style=\"color: #0000ff\"><strong>sva\u010dina: \u00a0<\/strong><\/span><\/span><\/p>\r\n<p><span style=\"color: #000000;font-family: arial, helvetica, sans-serif;font-size: 12pt\"><span style=\"color: #0000ff\"><strong>ob\u011bd:\u00a0 \u00a0 \u00a0 \u00a0 \u00a0 \u00a0 ST\u00c1TN\u00cd\u00a0 \u00a0SV\u00c1TEK<\/strong><\/span><\/span><\/p>\r\n<p><span style=\"color: #000000;font-family: arial, helvetica, sans-serif;font-size: 12pt\"><span style=\"color: #0000ff\"><strong>sva\u010dina:<\/strong><\/span><\/span><\/p>\r\n<p>&nbsp;<\/p>\r\n<p>&#8212;&#8212;&#8212;&#8212;&#8212;&#8212;&#8212;&#8212;&#8212;&#8212;&#8212;&#8212;&#8212;&#8212;&#8212;&#8212;&#8212;&#8212;&#8212;&#8212;&#8212;&#8212;&#8212;&#8212;&#8212;&#8212;&#8212;&#8212;&#8212;&#8212;&#8212;&#8212;&#8212;&#8212;&#8212;&#8212;&#8212;&#8212;&#8212;&#8212;&#8212;&#8212;&#8212;&#8212;&#8212;&#8211;<\/p>\r\n<p><span style=\"font-family: arial, helvetica, sans-serif;font-size: 12pt;color: #000000\">Vedle pokrm\u016f jsou uvedeny obsa\u017een\u00e9 alergeny dle sm\u011brnice <\/span><span style=\"font-family: arial, helvetica, sans-serif;font-size: 12pt;color: #000000\">\u00a0\u010d. 1169\/2011 EU, viz. p\u0159ilo\u017een\u00e1 tabulka,<\/span><\/p>\r\n<p><span style=\"font-family: arial, helvetica, sans-serif;font-size: 12pt;color: #000000\">informace o konkr\u00e9tn\u00edch alergenech budou na vy\u017e\u00e1d\u00e1n\u00ed poskytnuty vedouc\u00ed \u0161koln\u00ed j\u00eddelny nebo vedouc\u00ed kucha\u0159kou. <\/span><\/p>\r\n<p><span style=\"color: #000000;font-family: arial, helvetica, sans-serif;font-size: 12pt\">Strava je ur\u010dena k okam\u017eit\u00e9 spot\u0159eb\u011b na provozovn\u011b.<\/span><\/p>\r\n<p><span style=\"color: #000000;font-family: arial, helvetica, sans-serif;font-size: 12pt\">Zm\u011bna j\u00eddeln\u00ed\u010dku a alergen\u016f vyhrazena.<\/span><\/p>\r\n<p><span style=\"color: #000000;font-family: arial, helvetica, sans-serif;font-size: 12pt\">Pitn\u00fd re\u017eim je zaji\u0161t\u011bn po celou dobu provozu mate\u0159sk\u00e9 \u0161koly.<\/span><\/p>\r\n<p><span style=\"font-family: arial, helvetica, sans-serif;font-size: 12pt;color: #000000\">******<\/span><\/p>\r\n<p><span style=\"font-family: arial, helvetica, sans-serif\"><a href=\"http:\/\/www.sporilovskams.cz\/trencinska\/wp-content\/uploads\/sites\/3\/2015\/08\/alergeny1.gif\"><img loading=\"lazy\" decoding=\"async\" class=\"alignnone size-full wp-image-64\" src=\"http:\/\/www.sporilovskams.cz\/trencinska\/wp-content\/uploads\/sites\/3\/2015\/08\/alergeny1.gif\" alt=\"alergeny\" width=\"675\" height=\"896\" \/><\/a><\/span><\/p>\r\n<p><span style=\"font-family: arial, helvetica, sans-serif\"><\/span><\/p>\r\n<p>&nbsp;<\/p>\r\n<p><span style=\"font-family: arial, helvetica, sans-serif\"><\/span><\/p>","protected":false},"excerpt":{"rendered":"<p>27. 4. &#8211; 1.5. 2026 \u00a0 \u00a0 \u00a0 \u00a0 \u00a0 \u00a0 \u00a0 \u00a0 \u00a0 \u00a0 \u00a0 \u00a0 \u00a0 \u00a0 \u00a0 \u00a0 \u00a0 \u00a0\u00a0 \u00a0 \u00a0 \u00a0 \u00a0 \u00a0 \u00a0 \u00a0 Pond\u011bl\u00ed: sva\u010dina: chl\u00e9b s pomaz. z lososa, oblo\u017e. zeleninou, hroznov\u00e9 v\u00edno, \u010daj (A: 1.4.7) ob\u011bd:\u00a0\u00a0 \u00a0 pol. &#8211; z \u010derven\u00e9 \u010do\u010dky\u00a0 (A: 9.7) bramborov\u00e9 \u0161i\u0161ky&hellip;&nbsp;<a href=\"https:\/\/www.sporilovskams.cz\/trencinska\/jidelnicek\/\" class=\"\" rel=\"bookmark\">Read More &raquo;<span class=\"screen-reader-text\">J\u00eddeln\u00ed\u010dek<\/span><\/a><\/p>\n","protected":false},"author":1,"featured_media":0,"parent":0,"menu_order":0,"comment_status":"closed","ping_status":"closed","template":"","meta":{"neve_meta_sidebar":"","neve_meta_container":"","neve_meta_enable_content_width":"off","neve_meta_content_width":100,"neve_meta_title_alignment":"","neve_meta_author_avatar":"","neve_post_elements_order":"","neve_meta_disable_header":"","neve_meta_disable_footer":"","neve_meta_disable_title":"","ngg_post_thumbnail":0,"footnotes":""},"class_list":["post-35","page","type-page","status-publish","hentry"],"_links":{"self":[{"href":"https:\/\/www.sporilovskams.cz\/trencinska\/wp-json\/wp\/v2\/pages\/35","targetHints":{"allow":["GET"]}}],"collection":[{"href":"https:\/\/www.sporilovskams.cz\/trencinska\/wp-json\/wp\/v2\/pages"}],"about":[{"href":"https:\/\/www.sporilovskams.cz\/trencinska\/wp-json\/wp\/v2\/types\/page"}],"author":[{"embeddable":true,"href":"https:\/\/www.sporilovskams.cz\/trencinska\/wp-json\/wp\/v2\/users\/1"}],"replies":[{"embeddable":true,"href":"https:\/\/www.sporilovskams.cz\/trencinska\/wp-json\/wp\/v2\/comments?post=35"}],"version-history":[{"count":613,"href":"https:\/\/www.sporilovskams.cz\/trencinska\/wp-json\/wp\/v2\/pages\/35\/revisions"}],"predecessor-version":[{"id":2781,"href":"https:\/\/www.sporilovskams.cz\/trencinska\/wp-json\/wp\/v2\/pages\/35\/revisions\/2781"}],"wp:attachment":[{"href":"https:\/\/www.sporilovskams.cz\/trencinska\/wp-json\/wp\/v2\/media?parent=35"}],"curies":[{"name":"wp","href":"https:\/\/api.w.org\/{rel}","templated":true}]}}