{"id":898,"date":"2019-02-08T21:39:47","date_gmt":"2019-02-08T20:39:47","guid":{"rendered":"http:\/\/www.sporilovskams.cz\/jihozapadni\/?page_id=898"},"modified":"2026-04-30T16:27:46","modified_gmt":"2026-04-30T15:27:46","slug":"jidelnicek","status":"publish","type":"page","link":"https:\/\/www.sporilovskams.cz\/jihozapadni\/jidelnicek\/","title":{"rendered":"J\u00eddeln\u00ed\u010dek"},"content":{"rendered":"<p><span style=\"font-family: arial, helvetica, sans-serif\"><\/span><\/p>\r\n<p><span style=\"font-size: 18pt;font-family: arial, helvetica, sans-serif\">\r\n\r\n<\/span><\/p>\r\n<p class=\"has-medium-font-size\"><span style=\"font-size: 20pt;font-family: arial, helvetica, sans-serif\"><strong>4.5.- 8.5. 2026<\/strong><\/span><\/p>\r\n<p><span style=\"font-family: arial, helvetica, sans-serif;font-size: 14pt\">\r\n\r\n<\/span><\/p>\r\n<p><span style=\"font-family: arial, helvetica, sans-serif\">\r\n\r\n<\/span><\/p>\r\n<p>&nbsp;<\/p>\r\n<p><span style=\"font-family: arial, helvetica, sans-serif\">\r\n\r\n<\/span><\/p>\r\n<p class=\"has-medium-font-size\"><span style=\"font-family: arial, helvetica, sans-serif;font-size: 12pt;color: #993300\"><strong>POND\u011aL\u00cd:<\/strong><\/span><\/p>\r\n<p><span style=\"font-family: arial, helvetica, sans-serif;font-size: 12pt\">\r\n\r\n<\/span><\/p>\r\n<p><span style=\"font-family: arial, helvetica, sans-serif;font-size: 12pt\"><span style=\"color: #0000ff\"><strong>p\u0159esn\u00edd\u00e1vka:<\/strong><\/span>\u00a0 \u00a0<\/span><\/p>\r\n<p>chl\u00e9b s pomaz. z Lu\u010diny,\u00a0 jablko, ml\u00e9ko, \u010daj (A: 1.7)<\/p>\r\n<p><span style=\"font-family: arial, helvetica, sans-serif\"><span style=\"font-size: 12pt\"><strong><span style=\"color: #0000ff\">ob\u011bd:\u00a0<\/span><\/strong><\/span><\/span><span style=\"font-family: arial, helvetica, sans-serif\"><span style=\"font-size: 12pt\">\u00a0 <\/span><\/span><\/p>\r\n<p><span style=\"font-family: arial, helvetica, sans-serif\"><span style=\"font-size: 12pt\"><span style=\"font-family: georgia, palatino, serif\">pol. &#8211; ku\u0159ec\u00ed s p\u00edsmenky<\/span><\/span><\/span><span style=\"font-family: arial, helvetica, sans-serif\"><span style=\"font-size: 12pt\">\u00a0<span style=\"font-family: georgia, palatino, serif\"> (A: 1.9)<\/span><\/span><\/span><\/p>\r\n<p><span style=\"font-family: georgia, palatino, serif\"><span style=\"font-size: 12pt\">fazolky na smetan\u011b, brambor, \u010daj (A: 1.7)\u00a0 \u00a0 \u00a0 \u00a0<\/span><\/span><\/p>\r\n<p><span style=\"font-family: arial, helvetica, sans-serif;font-size: 12pt\"><span style=\"color: #0000ff\"><strong>sva\u010dina:<\/strong><\/span><\/span><\/p>\r\n<p>rohl\u00edk se \u017eerv\u00e9, cherry raj\u010data, \u010daj (A: 1.7)<\/p>\r\n<p>&nbsp;<\/p>\r\n<p><span style=\"font-family: arial, helvetica, sans-serif;font-size: 12pt;color: #993300\"><strong>\u00daTER\u00dd:<\/strong><\/span><\/p>\r\n<p><span style=\"font-family: arial, helvetica, sans-serif;font-size: 12pt\">\r\n\r\n<\/span><\/p>\r\n<p><span style=\"font-family: arial, helvetica, sans-serif;font-size: 12pt\">\r\n\r\n<\/span><\/p>\r\n<p><span style=\"font-family: arial, helvetica, sans-serif;font-size: 12pt\">\r\n\r\n<\/span><\/p>\r\n<p><span style=\"font-family: arial, helvetica, sans-serif;font-size: 12pt\"><span style=\"color: #0000ff\"><strong>p\u0159esn\u00edd\u00e1vka:<\/strong>\u00a0<\/span> \u00a0<\/span><\/p>\r\n<p>chl\u00e9b s medov\u00fdm m\u00e1slem, ban\u00e1n, ml\u00e9ko, \u010daj\u00a0 (A: 1.7)<\/p>\r\n<p><span style=\"font-family: arial, helvetica, sans-serif\"><span style=\"font-size: 12pt;color: #0000ff\"><strong>ob\u011bd:<\/strong><\/span><span style=\"font-size: 12pt\">\u00a0 \u00a0 \u00a0<\/span><\/span><\/p>\r\n<p>pol. &#8211; z jarn\u00ed zeleniny\u00a0 \u00a0 (A: 9)<\/p>\r\n<p>vep\u0159ov\u00e1 pe\u010den\u011b, houskov\u00fd knedl\u00edk,<\/p>\r\n<p>du\u0161en\u00e9 zel\u00ed, \u010daj<\/p>\r\n<p>\u00a0(A: 7.1.3)<\/p>\r\n<p><span style=\"font-family: arial, helvetica, sans-serif;font-size: 12pt\"><span style=\"color: #0000ff\"><strong>sva\u010dina:<\/strong><\/span>\u00a0 \u00a0<\/span><\/p>\r\n<p><span style=\"font-family: georgia, palatino, serif;font-size: 12pt\">chl\u00e9b s Philadelphi\u00ed, sal\u00e1t. okurka, Granko, \u010daj\u00a0 (A: 1.7)\u00a0<\/span><\/p>\r\n<p>&nbsp;<\/p>\r\n<p><span style=\"font-family: arial, helvetica, sans-serif;font-size: 12pt\">\r\n\r\n<\/span><\/p>\r\n<p class=\"has-medium-font-size\"><span style=\"font-family: arial, helvetica, sans-serif;font-size: 12pt;color: #993300\"><strong>ST\u0158EDA:<\/strong><\/span><\/p>\r\n<p><span style=\"font-family: arial, helvetica, sans-serif;font-size: 12pt\">\r\n\r\n<\/span><\/p>\r\n<p><span style=\"font-family: arial, helvetica, sans-serif\"><span style=\"font-size: 12pt\"><span style=\"color: #0000ff\"><strong>p\u0159esn\u00edd\u00e1vka:<\/strong><\/span>\u00a0 \u00a0<\/span>\u00a0 \u00a0\u00a0<\/span><\/p>\r\n<p><span style=\"font-family: georgia, palatino, serif\">chlupat\u00fd chl\u00e9b, hru\u0161ka, ml\u00e9ko,\u00a0 \u010daj\u00a0 (A: 1.7)<\/span><\/p>\r\n<p><span style=\"font-family: arial, helvetica, sans-serif;font-size: 12pt;color: #0000ff\"><strong>ob\u011bd:<\/strong><\/span><\/p>\r\n<p><span style=\"font-family: georgia, palatino, serif\">pol. &#8211; \u010desnekov\u00e1\u00a0 \u00a0(A: 9)<\/span><\/p>\r\n<p><span style=\"font-family: georgia, palatino, serif\">rozl\u00edtan\u00fd \u0161pan\u011blsk\u00fd pt\u00e1\u010dek, r\u00fd\u017ee, \u010daj <\/span><\/p>\r\n<p><span style=\"font-family: georgia, palatino, serif\"> (A: 1.3.10)<\/span><\/p>\r\n<p><span style=\"font-family: arial, helvetica, sans-serif;font-size: 12pt;color: #0000ff\"><strong>sva\u010dina:<\/strong><\/span><\/p>\r\n<p><span style=\"font-family: georgia, palatino, serif\">smet\u00e1nek, k\u0159ehk\u00fd chl\u00e9b, \u010daj <\/span><\/p>\r\n<p><span style=\"font-family: georgia, palatino, serif\">(A: 1.7)<\/span><\/p>\r\n<p>&nbsp;<\/p>\r\n<p><span style=\"font-family: arial, helvetica, sans-serif;font-size: 12pt\">\r\n\r\n<\/span><\/p>\r\n<p class=\"has-medium-font-size\"><span style=\"font-family: arial, helvetica, sans-serif;font-size: 12pt;color: #993300\"><strong>\u010cTVRTEK:<\/strong><\/span><\/p>\r\n<p><span style=\"font-family: arial, helvetica, sans-serif;font-size: 12pt\">\r\n\r\n<\/span><\/p>\r\n<p><span style=\"font-family: arial, helvetica, sans-serif;font-size: 12pt\"><span style=\"color: #0000ff\"><strong>p\u0159esn\u00edd\u00e1vka:<\/strong><\/span> <\/span><\/p>\r\n<p>\u017eitn\u00e1 ve\u010dka s pomaz. z tu\u0148\u00e1ka, paprika, \u010daj\u00a0<\/p>\r\n<p>(A:1.7.4)<\/p>\r\n<p><span style=\"font-family: arial, helvetica, sans-serif;font-size: 12pt;color: #0000ff\"><strong>ob\u011bd:\u00a0 \u00a0<\/strong><\/span><\/p>\r\n<p><span style=\"font-family: arial, helvetica, sans-serif;font-size: 12pt;color: #0000ff\"><span style=\"font-size: 14pt;color: #000000\"><span style=\"font-family: georgia, palatino, serif;font-size: 12pt\">pol. &#8211; \u010do\u010dkov\u00e1\u00a0 \u00a0(A: 1.9)<\/span><\/span><\/span><\/p>\r\n<p>zape\u010den\u00e9 t\u011bstoviny s brokolic\u00ed, \u010derven\u00e1 \u0159epa, \u010daj<\/p>\r\n<p>(A: 1.3.7)<\/p>\r\n<p><span style=\"font-family: arial, helvetica, sans-serif;font-size: 12pt\"><span style=\"color: #0000ff\"><strong>sva\u010dina:<\/strong><\/span>\u00a0 \u00a0 \u00a0<\/span><\/p>\r\n<p>tvarohov\u00fd \u0161\u00e1te\u010dek,\u00a0<\/p>\r\n<p>ovoce, ml\u00e9ko, \u010daj (A: 1.7.3)<\/p>\r\n<p>&nbsp;<\/p>\r\n<p><span style=\"font-family: arial, helvetica, sans-serif;font-size: 12pt;color: #993300\"><strong>P\u00c1TEK:<\/strong><\/span><\/p>\r\n<p><span style=\"font-family: arial, helvetica, sans-serif;font-size: 12pt\">\r\n\r\n<\/span><\/p>\r\n<p><span style=\"font-family: arial, helvetica, sans-serif;font-size: 12pt\"><span style=\"color: #0000ff\"><strong>p\u0159esn\u00edd\u00e1vka:<\/strong><\/span><\/span><\/p>\r\n<p><span style=\"font-family: arial, helvetica, sans-serif;font-size: 12pt\"><span style=\"color: #0000ff\"><strong>ob\u011bd:<\/strong><\/span>\u00a0 \u00a0 \u00a0 \u00a0 \u00a0 \u00a0 \u00a0 \u00a0ST\u00c1TN\u00cd\u00a0 \u00a0SV\u00c1TEK<\/span><\/p>\r\n<p><span style=\"font-family: arial, helvetica, sans-serif;font-size: 12pt\"><span style=\"color: #0000ff\"><strong>sva\u010dina:<\/strong><\/span><\/span><\/p>\r\n<p>&nbsp;<\/p>\r\n<p>&nbsp;<\/p>\r\n<p><span style=\"font-family: arial, helvetica, sans-serif;font-size: 12pt\">&#8212;&#8212;&#8212;&#8212;&#8212;&#8212;&#8212;&#8212;&#8212;&#8212;&#8212;&#8212;&#8212;&#8212;&#8212;&#8212;&#8212;&#8212;&#8212;&#8212;&#8212;&#8212;&#8212;&#8212;&#8212;&#8212;&#8212;&#8212;&#8212;&#8212;&#8211;<\/span><\/p>\r\n<p><span style=\"font-family: arial, helvetica, sans-serif;font-size: 12pt\">\r\n\r\n<\/span><\/p>\r\n<p><span style=\"font-family: arial, helvetica, sans-serif;font-size: 12pt\">\r\n\r\n<\/span><\/p>\r\n<p><span style=\"font-family: arial, helvetica, sans-serif\">Pitn\u00fd re\u017eim je zaji\u0161t\u011bn po celou dobu provozu mate\u0159sk\u00e9 \u0161koly.<\/span><\/p>\r\n<p><span style=\"font-family: arial, helvetica, sans-serif\">\r\n\r\n<\/span><\/p>\r\n<p><span style=\"font-family: arial, helvetica, sans-serif\">Seznam alergen\u016f obsa\u017een\u00fdch v pokrmech dle sm\u011brnice 1169\/2011 EU, viz. p\u0159ilo\u017een\u00e1 tabulka. Informace o konkr\u00e9tn\u00edch alergenech budou na po\u017e\u00e1d\u00e1n\u00ed poskytnuty vedouc\u00ed \u0161koln\u00ed j\u00eddelny.<\/span><\/p>\r\n<p><span style=\"font-family: arial, helvetica, sans-serif\">\r\n\r\n<\/span><\/p>\r\n<p><span style=\"font-family: arial, helvetica, sans-serif\">Strava je ur\u010dena k okam\u017eit\u00e9 spot\u0159eb\u011b na provozovn\u011b.<\/span><\/p>\r\n<p>&nbsp;<\/p>\r\n<p><span style=\"font-family: arial, helvetica, sans-serif\">\r\n\r\n<\/span><\/p>\r\n<figure class=\"wp-block-image\"><span style=\"font-family: arial, helvetica, sans-serif\"><img loading=\"lazy\" decoding=\"async\" width=\"675\" height=\"896\" class=\"wp-image-44\" src=\"http:\/\/www.sporilovskams.cz\/jihozapadni\/wp-content\/uploads\/sites\/2\/2015\/08\/alergeny.gif\" alt=\"\" \/><\/span><\/figure>\r\n<p><span style=\"font-family: arial, helvetica, sans-serif\"><\/span><\/p>","protected":false},"excerpt":{"rendered":"<p>4.5.- 8.5. 2026 &nbsp; POND\u011aL\u00cd: p\u0159esn\u00edd\u00e1vka:\u00a0 \u00a0 chl\u00e9b s pomaz. z Lu\u010diny,\u00a0 jablko, ml\u00e9ko, \u010daj (A: 1.7) ob\u011bd:\u00a0\u00a0 pol. &#8211; ku\u0159ec\u00ed s p\u00edsmenky\u00a0 (A: 1.9) fazolky na smetan\u011b, brambor, \u010daj (A: 1.7)\u00a0 \u00a0 \u00a0 \u00a0 sva\u010dina: rohl\u00edk se \u017eerv\u00e9, cherry raj\u010data, \u010daj (A: 1.7) &nbsp; \u00daTER\u00dd: p\u0159esn\u00edd\u00e1vka:\u00a0 \u00a0 chl\u00e9b s medov\u00fdm m\u00e1slem, ban\u00e1n, ml\u00e9ko, \u010daj\u00a0&hellip;&nbsp;<a href=\"https:\/\/www.sporilovskams.cz\/jihozapadni\/jidelnicek\/\" class=\"\" rel=\"bookmark\">Read More &raquo;<span class=\"screen-reader-text\">J\u00eddeln\u00ed\u010dek<\/span><\/a><\/p>\n","protected":false},"author":9,"featured_media":0,"parent":0,"menu_order":0,"comment_status":"closed","ping_status":"closed","template":"","meta":{"neve_meta_sidebar":"","neve_meta_container":"","neve_meta_enable_content_width":"off","neve_meta_content_width":100,"neve_meta_title_alignment":"","neve_meta_author_avatar":"","neve_post_elements_order":"","neve_meta_disable_header":"","neve_meta_disable_footer":"","neve_meta_disable_title":"","ngg_post_thumbnail":0,"footnotes":""},"class_list":["post-898","page","type-page","status-publish","hentry"],"_links":{"self":[{"href":"https:\/\/www.sporilovskams.cz\/jihozapadni\/wp-json\/wp\/v2\/pages\/898","targetHints":{"allow":["GET"]}}],"collection":[{"href":"https:\/\/www.sporilovskams.cz\/jihozapadni\/wp-json\/wp\/v2\/pages"}],"about":[{"href":"https:\/\/www.sporilovskams.cz\/jihozapadni\/wp-json\/wp\/v2\/types\/page"}],"author":[{"embeddable":true,"href":"https:\/\/www.sporilovskams.cz\/jihozapadni\/wp-json\/wp\/v2\/users\/9"}],"replies":[{"embeddable":true,"href":"https:\/\/www.sporilovskams.cz\/jihozapadni\/wp-json\/wp\/v2\/comments?post=898"}],"version-history":[{"count":349,"href":"https:\/\/www.sporilovskams.cz\/jihozapadni\/wp-json\/wp\/v2\/pages\/898\/revisions"}],"predecessor-version":[{"id":2953,"href":"https:\/\/www.sporilovskams.cz\/jihozapadni\/wp-json\/wp\/v2\/pages\/898\/revisions\/2953"}],"wp:attachment":[{"href":"https:\/\/www.sporilovskams.cz\/jihozapadni\/wp-json\/wp\/v2\/media?parent=898"}],"curies":[{"name":"wp","href":"https:\/\/api.w.org\/{rel}","templated":true}]}}