{"id":759,"date":"2018-05-29T17:54:43","date_gmt":"2018-05-29T16:54:43","guid":{"rendered":"http:\/\/www.sporilovskams.cz\/jihozapadni\/?page_id=759"},"modified":"2025-02-13T12:36:03","modified_gmt":"2025-02-13T11:36:03","slug":"gdpr","status":"publish","type":"page","link":"https:\/\/www.sporilovskams.cz\/jihozapadni\/gdpr\/","title":{"rendered":"GDPR"},"content":{"rendered":"<p style=\"text-align: center\"><strong><span style=\"font-family: arial, helvetica, sans-serif;font-size: 12pt\">Zde si m\u016f\u017eete prohl\u00e9dnout dokumentaci souvisej\u00edc\u00ed s problematikou GDPR.<\/span><\/strong><\/p>\n<p style=\"text-align: center\"><a href=\"http:\/\/www.sporilovskams.cz\/jihozapadni\/wp-content\/uploads\/sites\/2\/2025\/02\/Informace_zakonnizastupci_MS-1.docx\">z\u00e1sady zprac. osobn\u00edch \u00fadaj\u016f -informace &#8211; z\u00e1konn\u00ed z\u00e1stupci<\/a><\/p>\n<p style=\"text-align: center\"><a href=\"http:\/\/www.sporilovskams.cz\/jihozapadni\/wp-content\/uploads\/sites\/2\/2025\/02\/Informace_uchazeciozamestnani.docx\">z\u00e1sady zprac. osobn\u00edch \u00fadaj\u016f -informace\u00a0 pro uchaze\u010de o zam\u011bstn\u00e1n\u00ed<\/a><\/p>\n<p style=\"text-align: center\"><a href=\"http:\/\/www.sporilovskams.cz\/jihozapadni\/wp-content\/uploads\/sites\/2\/2025\/02\/Informace_obchodnipartnerianavstevy.docx\">z\u00e1sady zprac. osobn\u00edch \u00fadaj\u016f -informace\u00a0 pro obchodni partnery a kontaktn\u00ed osoby<\/a><\/p>\n<p style=\"text-align: center\">pov\u011b\u0159enec pro ochranu osobn\u00edch \u00fadaj\u016f<br \/>\nM\u011bstsk\u00e1 \u010d\u00e1st Praha 4<br \/>\nMgr. Jana Pu\u017emanov\u00e1, MBA<br \/>\n\u2706 261 192 487<br \/>\n\ud83d\udce7 poverenec.gdpr@praha4.cz<\/p>\n","protected":false},"excerpt":{"rendered":"<p>Zde si m\u016f\u017eete prohl\u00e9dnout dokumentaci souvisej\u00edc\u00ed s problematikou GDPR. z\u00e1sady zprac. osobn\u00edch \u00fadaj\u016f -informace &#8211; z\u00e1konn\u00ed z\u00e1stupci z\u00e1sady zprac. osobn\u00edch \u00fadaj\u016f -informace\u00a0 pro uchaze\u010de o zam\u011bstn\u00e1n\u00ed z\u00e1sady zprac. osobn\u00edch \u00fadaj\u016f -informace\u00a0 pro obchodni partnery a kontaktn\u00ed osoby pov\u011b\u0159enec pro ochranu osobn\u00edch \u00fadaj\u016f M\u011bstsk\u00e1 \u010d\u00e1st Praha 4 Mgr. Jana Pu\u017emanov\u00e1, MBA \u2706 261 192 487 \ud83d\udce7&hellip;&nbsp;<a href=\"https:\/\/www.sporilovskams.cz\/jihozapadni\/gdpr\/\" class=\"\" rel=\"bookmark\">Read More &raquo;<span class=\"screen-reader-text\">GDPR<\/span><\/a><\/p>\n","protected":false},"author":2,"featured_media":0,"parent":0,"menu_order":0,"comment_status":"closed","ping_status":"closed","template":"","meta":{"neve_meta_sidebar":"","neve_meta_container":"","neve_meta_enable_content_width":"off","neve_meta_content_width":100,"neve_meta_title_alignment":"","neve_meta_author_avatar":"","neve_post_elements_order":"","neve_meta_disable_header":"","neve_meta_disable_footer":"","neve_meta_disable_title":"","ngg_post_thumbnail":0,"footnotes":""},"class_list":["post-759","page","type-page","status-publish","hentry"],"_links":{"self":[{"href":"https:\/\/www.sporilovskams.cz\/jihozapadni\/wp-json\/wp\/v2\/pages\/759","targetHints":{"allow":["GET"]}}],"collection":[{"href":"https:\/\/www.sporilovskams.cz\/jihozapadni\/wp-json\/wp\/v2\/pages"}],"about":[{"href":"https:\/\/www.sporilovskams.cz\/jihozapadni\/wp-json\/wp\/v2\/types\/page"}],"author":[{"embeddable":true,"href":"https:\/\/www.sporilovskams.cz\/jihozapadni\/wp-json\/wp\/v2\/users\/2"}],"replies":[{"embeddable":true,"href":"https:\/\/www.sporilovskams.cz\/jihozapadni\/wp-json\/wp\/v2\/comments?post=759"}],"version-history":[{"count":21,"href":"https:\/\/www.sporilovskams.cz\/jihozapadni\/wp-json\/wp\/v2\/pages\/759\/revisions"}],"predecessor-version":[{"id":2617,"href":"https:\/\/www.sporilovskams.cz\/jihozapadni\/wp-json\/wp\/v2\/pages\/759\/revisions\/2617"}],"wp:attachment":[{"href":"https:\/\/www.sporilovskams.cz\/jihozapadni\/wp-json\/wp\/v2\/media?parent=759"}],"curies":[{"name":"wp","href":"https:\/\/api.w.org\/{rel}","templated":true}]}}