{"id":23,"date":"2015-08-20T19:25:11","date_gmt":"2015-08-20T18:25:11","guid":{"rendered":"http:\/\/www.sporilovskams.cz\/jihozapadni\/?page_id=23"},"modified":"2025-09-16T09:14:24","modified_gmt":"2025-09-16T08:14:24","slug":"platby","status":"publish","type":"page","link":"https:\/\/www.sporilovskams.cz\/jihozapadni\/platby\/","title":{"rendered":"Platby"},"content":{"rendered":"<p style=\"text-align: center\"><span style=\"color: #800000;font-family: 'arial black', sans-serif\"><span style=\"color: #000000\">M\u011bstsk\u00e1 \u010d\u00e1st Praha 4<\/span><\/span><\/p>\n<p style=\"text-align: center\"><span style=\"color: #800000;font-family: 'arial black', sans-serif\">RADA M\u011aSTSK\u00c9 \u010c\u00c1STI PRAHA 4<\/span><\/p>\n<p style=\"text-align: center\"><span style=\"color: #800000;font-family: 'arial black', sans-serif\">usnesen\u00ed 14. jedn\u00e1n\u00ed ze dne 4.6. 2025<\/span><\/p>\n<p style=\"text-align: center\"><span style=\"color: #800000;font-family: 'arial black', sans-serif\">\u010d\u00edslo 14R-405\/2025<\/span><\/p>\n<p style=\"text-align: center\"><span style=\"color: #800000;font-family: 'arial black', sans-serif\"><span style=\"color: #000000\">STANOVUJE:<\/span><\/span><\/p>\n<p style=\"text-align: center\"><span style=\"color: #800000;font-family: 'arial black', sans-serif\">V\u00fd\u0161i m\u011bs\u00ed\u010dn\u00ed <span style=\"color: #000000;background-color: #ffff00\">\u00faplaty za p\u0159ed\u0161koln\u00ed vzd\u011bl\u00e1v\u00e1n\u00ed<\/span> na obdob\u00ed <span style=\"color: #000000;background-color: #ffff00\">\u0161koln\u00edho roku 2025\/2026 <\/span><\/span><\/p>\n<p style=\"text-align: center\"><span style=\"color: #800000\"><span style=\"font-family: 'arial black', sans-serif\">ve v\u0161ech mate\u0159sk\u00fdch \u0161kol\u00e1ch z\u0159izovan\u00fdch M\u010c Praha 4 ve v\u00fd\u0161i\u00a0 <span style=\"background-color: #ffff00\"><span style=\"color: #000000\">1 500 K\u010d<\/span>\u00a0<\/span><\/span><\/span><\/p>\n<p style=\"text-align: center\"><span style=\"color: #000000;font-family: arial, helvetica, sans-serif;font-size: 12pt;background-color: #ffffff\"><strong>Platbu je nutno prov\u00e9st v\u017edy do 15.dne v m\u011bs\u00edci<\/strong><\/span><\/p>\n<p style=\"text-align: center\"><span style=\"color: #000000;font-family: arial, helvetica, sans-serif;font-size: 12pt;background-color: #ffffff\"><strong> na \u00fa\u010det <span style=\"background-color: #ffff00\">\u010d. 6023 \u2013 68736399\/0800<\/span><\/strong><\/span><\/p>\n<p>&nbsp;<\/p>\n<p style=\"text-align: center\"><span style=\"color: #000000;font-family: arial, helvetica, sans-serif;font-size: 12pt;background-color: #ffffff\">P\u0159ed\u0161koln\u00ed d\u011bti \/kter\u00e9 dovr\u0161\u00ed v dan\u00e9m \u0161koln\u00edm roce 6 let\/ a d\u011bti s odkladem<\/span><\/p>\n<p style=\"text-align: center\"><span style=\"font-family: arial, helvetica, sans-serif;font-size: 12pt\"><span style=\"color: #000000;background-color: #ffffff\">\u0161koln\u00ed doch\u00e1zky jsou od \u00faplaty osvobozeny.<\/span><span style=\"color: #000000;background-color: #ffffff\">\u00a0<\/span><\/span><\/p>\n<hr \/>\n<p style=\"text-align: center\"><span style=\"color: #000000;font-family: arial, helvetica, sans-serif;font-size: 12pt;background-color: #ffffff\"><strong>Stravn\u00e9 pla\u0165te bezhotovostn\u011b na \u00fa\u010det: cen\u00edk platn\u00fd od 1.9.2025<\/strong><\/span><\/p>\n<p style=\"text-align: center\"><span style=\"color: #000000;font-family: arial, helvetica, sans-serif;font-size: 12pt;background-color: #ffff00\"><strong> 35-68736399\/0800<\/strong><\/span><\/p>\n<p style=\"text-align: center\"><span style=\"color: #000000;font-family: arial, helvetica, sans-serif;font-size: 12pt;background-color: #ffffff\">variabiln\u00ed symbol najdete na n\u00e1st\u011bnce v mate\u0159sk\u00e9 \u0161kole<\/span><\/p>\n<p style=\"text-align: center\"><span style=\"color: #000000;font-family: arial, helvetica, sans-serif;font-size: 12pt;background-color: #ffffff\"><strong>v\u00fd\u0161e stravn\u00e9ho pro d\u011bti od 2-3 let :\u00a0 \u00a0 \u00a0 \u00a0 54,- K\u010d celodenn\u00ed <\/strong><\/span><\/p>\n<p style=\"text-align: center\"><span style=\"color: #000000;font-family: arial, helvetica, sans-serif;font-size: 12pt;background-color: #ffffff\"><strong>\u00a0 \u00a0 \u00a0 \u00a0 \u00a0 \u00a0 \u00a0 \u00a0 \u00a0 \u00a0 \u00a0 \u00a0 \u00a0 \u00a0 \u00a0 \u00a0 \u00a0 \u00a0 \u00a0 \u00a0 \u00a0 \u00a0 \u00a0 \u00a0 \u00a0 \u00a0 \u00a0 \u00a0 \u00a0 \u00a0 \u00a0 \u00a0 \u00a0 \u00a0 \u00a0 \u00a0 \u00a0 \u00a0 \u00a0 \u00a0 \u00a0 \u00a0 \u00a0 \u00a0 \u00a0 \u00a0 \u00a0 \u00a0 \u00a0 \u00a0 \u00a042,- K\u010d polodenn\u00ed \/bez odpol. sva\u010din\/<\/strong><\/span><\/p>\n<p>&nbsp;<\/p>\n<p style=\"text-align: center\"><span style=\"color: #000000;font-family: arial, helvetica, sans-serif;font-size: 12pt;background-color: #ffffff\"><strong>\u00a0 \u00a0 \u00a0 \u00a0 \u00a0 \u00a0 \u00a0 \u00a0 \u00a0 \u00a0 \u00a0 \u00a0 \u00a0pro d\u011bti od 4-6 let :\u00a0 \u00a0 \u00a0 \u00a0 \u00a0 54,- K\u010d celodenn\u00ed <\/strong><\/span><\/p>\n<p style=\"text-align: center\"><span style=\"color: #000000;font-family: arial, helvetica, sans-serif;font-size: 12pt;background-color: #ffffff\"><strong>\u00a0 \u00a0 \u00a0 \u00a0 \u00a0 \u00a0 \u00a0 \u00a0 \u00a0 \u00a0 \u00a0 \u00a0 \u00a0 \u00a0 \u00a0 \u00a0 \u00a0 \u00a0 \u00a0 \u00a0 \u00a0 \u00a0 \u00a0 \u00a0 \u00a0 \u00a0 \u00a0 \u00a0 \u00a0 \u00a0 \u00a0 \u00a0 \u00a0 \u00a0 \u00a0 \u00a0 \u00a0 \u00a0 \u00a0 \u00a0 \u00a0 \u00a0 \u00a0 \u00a0 \u00a0 \u00a0 \u00a0 \u00a0 \u00a0 \u00a0 \u00a042,- K\u010d polodenn\u00ed \/bez odpol. sva\u010din\/<\/strong><\/span><\/p>\n<p style=\"text-align: center\"><span style=\"color: #000000;font-family: arial, helvetica, sans-serif;font-size: 12pt;background-color: #ffffff\"><strong>pro d\u011bti s odkladem \u0161koln\u00ed doch\u00e1zky :\u00a0 \u00a056,- K\u010d celodenn\u00ed <\/strong><\/span><\/p>\n<p style=\"text-align: center\"><span style=\"color: #000000;font-family: arial, helvetica, sans-serif;font-size: 12pt;background-color: #ffffff\"><strong>\u00a0 \u00a0 \u00a0 \u00a0 \u00a0 \u00a0 \u00a0 \u00a0 \u00a0 \u00a0 \u00a0 \u00a0 \u00a0 \u00a0 \u00a0 \u00a0 \u00a0 \u00a0 \u00a0 \u00a0 \u00a0 \u00a0 \u00a0 \u00a0 \u00a0 \u00a0 \u00a0 \u00a0 \u00a0 \u00a0 \u00a0 \u00a0 \u00a0 \u00a0 \u00a0 \u00a0 \u00a0 \u00a0 \u00a0 \u00a0 \u00a0 \u00a0 \u00a0 \u00a0 \u00a0 \u00a0 \u00a0 \u00a0 \u00a0 \u00a0 \u00a044,- K\u010d polodenn\u00ed \/bez odpol. sva\u010din\/<\/strong><\/span><\/p>\n<p>&nbsp;<\/p>\n<p style=\"text-align: center\"><span style=\"font-family: arial, helvetica, sans-serif;font-size: 12pt\"><strong><span style=\"color: #000000;background-color: #ffffff\"><span style=\"background-color: #ffffff\">Z\u00e1lohov\u00e1 m\u011bs\u00ed\u010dn\u00ed platba stravn\u00e9ho: 1080,- K\u010d (d\u011bti s odkladem \u0161koln\u00ed doch\u00e1zky 1120,- K\u010d)<\/span><\/span><\/strong><\/span><\/p>\n<p>&nbsp;<\/p>\n<hr \/>\n<hr \/>\n<p style=\"text-align: center\"><img loading=\"lazy\" decoding=\"async\" class=\"alignnone wp-image-2365\" src=\"http:\/\/www.sporilovskams.cz\/jihozapadni\/wp-content\/uploads\/sites\/2\/2024\/06\/odpustene-skolne-rodice-na-web.jpg\" alt=\"\" width=\"307\" height=\"238\" srcset=\"https:\/\/www.sporilovskams.cz\/jihozapadni\/wp-content\/uploads\/sites\/2\/2024\/06\/odpustene-skolne-rodice-na-web.jpg 869w, https:\/\/www.sporilovskams.cz\/jihozapadni\/wp-content\/uploads\/sites\/2\/2024\/06\/odpustene-skolne-rodice-na-web-171x133.jpg 171w, https:\/\/www.sporilovskams.cz\/jihozapadni\/wp-content\/uploads\/sites\/2\/2024\/06\/odpustene-skolne-rodice-na-web-768x597.jpg 768w\" sizes=\"auto, (max-width: 307px) 100vw, 307px\" \/><\/p>\n<p style=\"text-align: center\"><span style=\"color: #800000\"><span style=\"font-family: arial, helvetica, sans-serif;font-size: 8pt\">Pro osvobozen\u00ed od platby \u0161koln\u00e9ho je nutn\u00e9\u00a0 dolo\u017een\u00ed aktu\u00e1ln\u00edho p\u0159\u00edsp\u011bvku &#8211; potvrzen\u00ed \u00da\u0159adu pr\u00e1ce<\/span><\/span><\/p>\n<p style=\"text-align: center\"><span style=\"color: #800000;font-family: arial, helvetica, sans-serif;font-size: 8pt\"> nejpozd\u011bji do 5. z\u00e1\u0159\u00ed 2024\u00a0 &#8211; p\u0159\u00edmo \u0159editelce mate\u0159sk\u00e9 \u0161koly<\/span><\/p>\n<p style=\"text-align: center\">\n","protected":false},"excerpt":{"rendered":"<p>M\u011bstsk\u00e1 \u010d\u00e1st Praha 4 RADA M\u011aSTSK\u00c9 \u010c\u00c1STI PRAHA 4 usnesen\u00ed 14. jedn\u00e1n\u00ed ze dne 4.6. 2025 \u010d\u00edslo 14R-405\/2025 STANOVUJE: V\u00fd\u0161i m\u011bs\u00ed\u010dn\u00ed \u00faplaty za p\u0159ed\u0161koln\u00ed vzd\u011bl\u00e1v\u00e1n\u00ed na obdob\u00ed \u0161koln\u00edho roku 2025\/2026 ve v\u0161ech mate\u0159sk\u00fdch \u0161kol\u00e1ch z\u0159izovan\u00fdch M\u010c Praha 4 ve v\u00fd\u0161i\u00a0 1 500 K\u010d\u00a0 Platbu je nutno prov\u00e9st v\u017edy do 15.dne v m\u011bs\u00edci na \u00fa\u010det \u010d.&hellip;&nbsp;<a href=\"https:\/\/www.sporilovskams.cz\/jihozapadni\/platby\/\" class=\"\" rel=\"bookmark\">Read More &raquo;<span class=\"screen-reader-text\">Platby<\/span><\/a><\/p>\n","protected":false},"author":1,"featured_media":0,"parent":0,"menu_order":0,"comment_status":"closed","ping_status":"closed","template":"","meta":{"neve_meta_sidebar":"","neve_meta_container":"","neve_meta_enable_content_width":"off","neve_meta_content_width":100,"neve_meta_title_alignment":"","neve_meta_author_avatar":"","neve_post_elements_order":"","neve_meta_disable_header":"","neve_meta_disable_footer":"","neve_meta_disable_title":"","ngg_post_thumbnail":0,"footnotes":""},"class_list":["post-23","page","type-page","status-publish","hentry"],"_links":{"self":[{"href":"https:\/\/www.sporilovskams.cz\/jihozapadni\/wp-json\/wp\/v2\/pages\/23","targetHints":{"allow":["GET"]}}],"collection":[{"href":"https:\/\/www.sporilovskams.cz\/jihozapadni\/wp-json\/wp\/v2\/pages"}],"about":[{"href":"https:\/\/www.sporilovskams.cz\/jihozapadni\/wp-json\/wp\/v2\/types\/page"}],"author":[{"embeddable":true,"href":"https:\/\/www.sporilovskams.cz\/jihozapadni\/wp-json\/wp\/v2\/users\/1"}],"replies":[{"embeddable":true,"href":"https:\/\/www.sporilovskams.cz\/jihozapadni\/wp-json\/wp\/v2\/comments?post=23"}],"version-history":[{"count":52,"href":"https:\/\/www.sporilovskams.cz\/jihozapadni\/wp-json\/wp\/v2\/pages\/23\/revisions"}],"predecessor-version":[{"id":2795,"href":"https:\/\/www.sporilovskams.cz\/jihozapadni\/wp-json\/wp\/v2\/pages\/23\/revisions\/2795"}],"wp:attachment":[{"href":"https:\/\/www.sporilovskams.cz\/jihozapadni\/wp-json\/wp\/v2\/media?parent=23"}],"curies":[{"name":"wp","href":"https:\/\/api.w.org\/{rel}","templated":true}]}}