{"id":21,"date":"2015-08-20T19:24:56","date_gmt":"2015-08-20T18:24:56","guid":{"rendered":"http:\/\/www.sporilovskams.cz\/jihozapadni\/?page_id=21"},"modified":"2026-04-23T13:15:14","modified_gmt":"2026-04-23T12:15:14","slug":"akce","status":"publish","type":"page","link":"https:\/\/www.sporilovskams.cz\/jihozapadni\/akce\/","title":{"rendered":"Akce"},"content":{"rendered":"<div>\n<div><span style=\"font-family: arial black, sans-serif;font-size: 12pt;color: #800000\">\u0160KOLN\u00cd ROK 2025\/2026<\/span><\/div>\n<\/div>\n<div>\n<div>\n<hr \/>\n<\/div>\n<\/div>\n<div style=\"text-align: center\"><img loading=\"lazy\" decoding=\"async\" class=\"alignnone wp-image-1908\" src=\"http:\/\/www.sporilovskams.cz\/jihozapadni\/wp-content\/uploads\/sites\/2\/2018\/04\/cropped-logo_new-133x133.png\" alt=\"\" width=\"125\" height=\"125\" srcset=\"https:\/\/www.sporilovskams.cz\/jihozapadni\/wp-content\/uploads\/sites\/2\/2018\/04\/cropped-logo_new-133x133.png 133w, https:\/\/www.sporilovskams.cz\/jihozapadni\/wp-content\/uploads\/sites\/2\/2018\/04\/cropped-logo_new-150x150.png 150w, https:\/\/www.sporilovskams.cz\/jihozapadni\/wp-content\/uploads\/sites\/2\/2018\/04\/cropped-logo_new-270x270.png 270w, https:\/\/www.sporilovskams.cz\/jihozapadni\/wp-content\/uploads\/sites\/2\/2018\/04\/cropped-logo_new-192x192.png 192w, https:\/\/www.sporilovskams.cz\/jihozapadni\/wp-content\/uploads\/sites\/2\/2018\/04\/cropped-logo_new-180x180.png 180w, https:\/\/www.sporilovskams.cz\/jihozapadni\/wp-content\/uploads\/sites\/2\/2018\/04\/cropped-logo_new-32x32.png 32w, https:\/\/www.sporilovskams.cz\/jihozapadni\/wp-content\/uploads\/sites\/2\/2018\/04\/cropped-logo_new.png 512w\" sizes=\"auto, (max-width: 125px) 100vw, 125px\" \/><\/div>\n<div><span style=\"font-family: 'arial black', sans-serif;color: #000080;font-size: 8pt\">KROU\u017dKY:<\/span><\/div>\n<div><span style=\"font-family: 'arial black', sans-serif;color: #000080;font-size: 8pt\">\u00a0 \u00a0 Pond\u011bl\u00ed\u00a0 \u00a0 \u00a0 \u00a0&#8211; PLAV\u00c1N\u00cd (za\u010d\u00edn\u00e1me 22.9.)<\/span><\/div>\n<div><span style=\"font-family: 'arial black', sans-serif;color: #000080;font-size: 8pt\">\u00a0 \u00a0 \u00dater\u00fd\u00a0 \u00a0 \u00a0 \u00a0 \u00a0 &#8211; KYTARA (za\u010d\u00edn\u00e1me 30.9.)<\/span><\/div>\n<div><span style=\"font-family: 'arial black', sans-serif;color: #000080;font-size: 8pt\">\u00a0 \u00a0 St\u0159eda\u00a0 \u00a0 \u00a0 \u00a0 &#8211; ,,P\u0158ED\u0160KOL\u00c1\u010cEK&#8220; (za\u010d\u00edn\u00e1me 17.9.)<\/span><\/div>\n<div><span style=\"font-family: 'arial black', sans-serif;color: #000080;font-size: 8pt\">\u00a0 \u00a0 \u00a0 \u00a0 \u00a0 \u00a0 \u00a0 \u00a0 \u00a0 \u00a0 \u00a0 \u00a0&#8211; KERAMIKA (za\u010d\u00edn\u00e1me 1.10.)<\/span><\/div>\n<div><span style=\"font-family: 'arial black', sans-serif;color: #000080;font-size: 8pt\">\u00a0 \u00a0 \u010ctvrtek\u00a0 \u00a0 \u00a0 &#8211; POHYBOV\u00dd KROU\u017dEK &#8222;Sport\u00edk&#8220; (za\u010d\u00edn\u00e1me 2.10.)<\/span><\/div>\n<div><span style=\"font-family: 'arial black', sans-serif;color: #000080;font-size: 8pt\">\u00a0 \u00a0 P\u00e1tek\u00a0 \u00a0 \u00a0 \u00a0 \u00a0&#8211; ANGLI\u010cTINA (za\u010d\u00edn\u00e1me 3.10.)<\/span><\/div>\n<div>\n<hr \/>\n<\/div>\n<div><span style=\"font-family: 'arial black', sans-serif;color: #800000\">10.6.\u00a0 \u00a0 \u00a0hudebn\u00ed po\u0159ad &#8222;Hudba nen\u00ed na draka&#8220;<\/span><\/div>\n<div>\n<div><span style=\"font-family: 'arial black', sans-serif;color: #003300;font-size: 12pt\">2.6.\u00a0 \u00a0 \u00a0 \u00a0Zahradn\u00ed slavnost pro d\u011bti a rodi\u010de (na zahrad\u011b M\u0160 Tren\u010d\u00ednsk\u00e1)<\/span><\/div>\n<div><span style=\"font-family: 'arial black', sans-serif;font-size: 12pt;color: #000000\">28.5.\u00a0 \u00a0 \u00a0Bes\u00eddka pro rodi\u010de<\/span><\/div>\n<div><span style=\"font-family: 'arial black', sans-serif;color: #000080;font-size: 12pt\">13.5.\u00a0 \u00a0 \u00a0Divadlo Damdam ,,Kvak a \u017dblu\u0148k jsou kamar\u00e1di&#8220;<\/span><\/div>\n<div><span style=\"font-family: 'arial black', sans-serif;background-color: #ffffff;color: #800000;font-size: 12pt\"><span style=\"font-family: 'arial black', sans-serif\">7.5.\u00a0 \u00a0 \u00a0 \u00a0Interaktivn\u00ed program ZU\u0160 V. Petrova<\/span><\/span><\/div>\n<div><span style=\"font-family: 'arial black', sans-serif\">5.5.\u00a0 \u00a0 \u00a0 \u00a0N\u00e1v\u0161t\u011bva p\u0159ed\u0161kol\u00e1k\u016f v Z\u0160 Ji\u017en\u00ed<\/span><\/div>\n<div><span style=\"font-family: 'arial black', sans-serif;background-color: #ffffff;color: #800000;font-size: 12pt\"><span style=\"font-family: 'arial black', sans-serif\">30.4.\u00a0 \u00a0 \u00a0\u010carod\u011bjnick\u00fd rej pro d\u011bti<\/span><\/span><\/div>\n<div><span style=\"font-family: 'arial black', sans-serif;font-size: 12pt;color: #003300\">22.4.\u00a0 \u00a0 \u00a0V\u00fdlet do Vodn\u00edho domu v Hulic\u00edch ,,Putov\u00e1n\u00ed s vodn\u00ed v\u00edlou&#8220;<\/span><\/div>\n<div><span style=\"font-family: 'arial black', sans-serif;color: #000080;font-size: 12pt\">21.4.\u00a0 \u00a0 \u00a0Spole\u010dn\u00ed focen\u00ed d\u011bt\u00ed<\/span><\/div>\n<div><span style=\"font-family: 'arial black', sans-serif;color: #003300;font-size: 12pt\">14.4.\u00a0 \u00a0 \u00a0Bal\u00f3nkov\u00e1 show Jakuba Rajdla<\/span><\/div>\n<div><span style=\"font-family: 'arial black', sans-serif;font-size: 12pt;color: #000000\">7.4.\u00a0 \u00a0 \u00a0 \u00a0Vzd\u011bl\u00e1vac\u00ed program ,,\u0160ifra Mistra Brailla&#8220; (pro II. t\u0159\u00eddu)<\/span><\/div>\n<div><span style=\"font-family: 'arial black', sans-serif;color: #000080;font-size: 12pt\">25.3.\u00a0 \u00a0 \u00a0Interaktivn\u00ed program ,,Z\u00e1chrana pro ml\u00e1\u010f\u00e1tka&#8220;<\/span><\/div>\n<div><span style=\"font-family: 'arial black', sans-serif;color: #000000\">18.3.\u00a0 \u00a0 \u00a0n\u00e1v\u0161t\u011bva knihovny na Spo\u0159ilov\u011b ( pro II. t\u0159\u00eddu)<\/span><\/div>\n<div><span style=\"font-family: 'arial black', sans-serif;font-size: 12pt;color: #800000\">4.3.\u00a0 \u00a0 \u00a0 \u00a0Interaktivn\u00ed po\u0159ad ,,Bubnohran\u00ed&#8220; s Pavlem Stol\u00ednem<\/span><\/div>\n<div><span style=\"font-family: 'arial black', sans-serif;color: #000080\">3.3.\u00a0 \u00a0 \u00a0 \u00a0Program &#8222;Nechci kazy&#8220; &#8211; prevence v p\u00e9\u010di o zoubky<\/span><\/div>\n<div><span style=\"font-family: 'arial black', sans-serif;color: #003300;font-size: 12pt\">11.2.\u00a0 \u00a0 \u00a0Divadlo Damdam ,,Ob\u0159\u00ed tajemstv\u00ed&#8220;<\/span><\/div>\n<div><span style=\"font-family: 'arial black', sans-serif;color: #000080;font-size: 12pt\">10.2.\u00a0 \u00a0 \u00a0Masopustn\u00ed rej v mask\u00e1ch<\/span><\/div>\n<div><span style=\"font-family: 'arial black', sans-serif;font-size: 12pt;color: #000000\">6.2.\u00a0 \u00a0 \u00a0 \u00a0Zimn\u00ed \u0161kolkov\u00e1 olympi\u00e1da<\/span><\/div>\n<div><span style=\"font-family: 'arial black', sans-serif;font-size: 12pt;color: #800000\">15.1.\u00a0 \u00a0 \u00a0Vyhodnocen\u00ed screeningu \u0161koln\u00ed zralosti<\/span><\/div>\n<div><span style=\"font-family: 'arial black', sans-serif;color: #000080;font-size: 12pt\">14.1.\u00a0 \u00a0 \u00a0Divadlo \u00dasm\u011bv Ludmily Fri\u0161tensk\u00e9 ,,O b\u00e1b\u011b Ch\u0159ipce&#8220;<\/span><\/div>\n<\/div>\n<div><span style=\"font-family: 'arial black', sans-serif;color: #333300;font-size: 12pt\">8.1.26\u00a0 \u00a0Screening \u0161koln\u00ed zralosti<\/span><\/div>\n<div><span style=\"font-family: 'arial black', sans-serif;font-size: 12pt;color: #800000\">17.12.\u00a0 \u00a0V\u00e1no\u010dn\u00ed bes\u00eddka pro d\u011bti<\/span><\/div>\n<div><span style=\"color: #000080;font-family: 'arial black', sans-serif;font-size: 12pt\">16.12.\u00a0 \u00a0Pe\u010den\u00ed v\u00e1no\u010dn\u00edch pern\u00ed\u010dk\u016f<\/span><\/div>\n<div><span style=\"font-family: 'arial black', sans-serif;font-size: 12pt;color: #993300\">8.12.\u00a0 \u00a0 \u00a0Zdoben\u00ed strome\u010dku a zp\u00edv\u00e1n\u00ed koled p\u0159ed M\u0160 s rodi\u010di<\/span><\/div>\n<div><span style=\"font-family: 'arial black', sans-serif;color: #003300;font-size: 12pt\">5.12.\u00a0 \u00a0 \u00a0Mikul\u00e1\u0161sk\u00e1 nad\u00edlka<\/span><\/div>\n<div><span style=\"font-family: 'arial black', sans-serif;font-size: 12pt;color: #993300\">4.12.\u00a0 \u00a0 \u00a0Divadlo Jany Koutov\u00e9 &#8222;Kouzeln\u00e9 V\u00e1noce&#8220;\u00a0<\/span><\/div>\n<div><span style=\"color: #000080;font-family: 'arial black', sans-serif;font-size: 12pt\">19.11.\u00a0 \u00a0Projektov\u00fd den s roboty<\/span><\/div>\n<div><span style=\"font-family: 'arial black', sans-serif;color: #003300;font-size: 12pt\">18.11.\u00a0 \u00a0,,Bublinov\u00e1 show&#8220;<\/span><\/div>\n<div><span style=\"font-family: 'arial black', sans-serif;color: #993300;font-size: 12pt\">5.11.\u00a0 \u00a0 \u00a0Interaktivn\u00ed program ,,pr\u00e1ce v\u010dela\u0159e&#8220;<\/span><\/div>\n<div>\n<div><span style=\"color: #000080;font-family: 'arial black', sans-serif;font-size: 12pt\">4.11.\u00a0 \u00a0 \u00a0Halloweensk\u00fd rej pro d\u011bti<\/span><\/div>\n<div><span style=\"font-family: 'arial black', sans-serif;color: #993300;font-size: 12pt\">3.11.\u00a0 \u00a0 \u00a0Pe\u010den\u00ed halloweensk\u00fdch pern\u00ed\u010dk\u016f<\/span><\/div>\n<div><span style=\"font-family: 'arial black', sans-serif;font-size: 12pt\">22.10.\u00a0 \u00a0V\u00fdlet do \u010dokol\u00e1dovny v \u0160estajovic\u00edch<\/span><\/div>\n<div><span style=\"color: #000080;font-family: 'arial black', sans-serif;font-size: 12pt\">8.10.\u00a0 \u00a0 \u00a0Sokoln\u00edci &#8211; program prob\u011bhne v prostor\u00e1ch zahrady <\/span><\/div>\n<div><span style=\"font-size: 12pt\"><span style=\"color: #000080;font-family: 'arial black', sans-serif\">\u00a0 \u00a0 \u00a0 \u00a0 \u00a0 \u00a0 \u00a0Spo\u0159ilovsk\u00e9 M\u0160 <\/span><span style=\"color: #003300;font-family: 'arial black', sans-serif\"><span style=\"color: #000080\">Tren\u010d\u00ednsk\u00e1<\/span>\u00a0<\/span><\/span><\/div>\n<div><span style=\"font-family: 'arial black', sans-serif;color: #993300;font-size: 12pt\">22.9.\u00a0 \u00a0 \u00a0Logopedick\u00e1 depist\u00e1\u017e<\/span><\/div>\n<div><span style=\"color: #000080;font-family: 'arial black', sans-serif;font-size: 12pt\">18.9.\u00a0 \u00a0 \u00a0Divad\u00e9lko pan\u00ed Hamajdov\u00e9 ,,Poh\u00e1dka z p\u00edsni\u010dek&#8220;<\/span><\/div>\n<\/div>\n<div><span style=\"font-family: 'arial black', sans-serif;color: #003300;font-size: 12pt\">10.9.\u00a0 \u00a0 \u00a0Divadlo AndMar ,,O li\u0161ce pod\u0161it\u00e9&#8220;<\/span><\/div>\n<div><span style=\"color: #993300;font-family: 'arial black', sans-serif;font-size: 12pt\">2.9.25\u00a0 \u00a0Informa\u010dn\u00ed sch\u016fzka pro rodi\u010de 16:00-16:45hod.<\/span><\/div>\n<div><\/div>\n<hr \/>\n","protected":false},"excerpt":{"rendered":"<p>\u0160KOLN\u00cd ROK 2025\/2026 KROU\u017dKY: \u00a0 \u00a0 Pond\u011bl\u00ed\u00a0 \u00a0 \u00a0 \u00a0&#8211; PLAV\u00c1N\u00cd (za\u010d\u00edn\u00e1me 22.9.) \u00a0 \u00a0 \u00dater\u00fd\u00a0 \u00a0 \u00a0 \u00a0 \u00a0 &#8211; KYTARA (za\u010d\u00edn\u00e1me 30.9.) \u00a0 \u00a0 St\u0159eda\u00a0 \u00a0 \u00a0 \u00a0 &#8211; ,,P\u0158ED\u0160KOL\u00c1\u010cEK&#8220; (za\u010d\u00edn\u00e1me 17.9.) \u00a0 \u00a0 \u00a0 \u00a0 \u00a0 \u00a0 \u00a0 \u00a0 \u00a0 \u00a0 \u00a0 \u00a0&#8211; KERAMIKA (za\u010d\u00edn\u00e1me 1.10.) \u00a0 \u00a0 \u010ctvrtek\u00a0 \u00a0 \u00a0 &#8211;&hellip;&nbsp;<a href=\"https:\/\/www.sporilovskams.cz\/jihozapadni\/akce\/\" class=\"\" rel=\"bookmark\">Read More &raquo;<span class=\"screen-reader-text\">Akce<\/span><\/a><\/p>\n","protected":false},"author":1,"featured_media":0,"parent":0,"menu_order":0,"comment_status":"closed","ping_status":"closed","template":"","meta":{"neve_meta_sidebar":"","neve_meta_container":"","neve_meta_enable_content_width":"off","neve_meta_content_width":100,"neve_meta_title_alignment":"","neve_meta_author_avatar":"","neve_post_elements_order":"","neve_meta_disable_header":"","neve_meta_disable_footer":"","neve_meta_disable_title":"","ngg_post_thumbnail":0,"footnotes":""},"class_list":["post-21","page","type-page","status-publish","hentry"],"_links":{"self":[{"href":"https:\/\/www.sporilovskams.cz\/jihozapadni\/wp-json\/wp\/v2\/pages\/21","targetHints":{"allow":["GET"]}}],"collection":[{"href":"https:\/\/www.sporilovskams.cz\/jihozapadni\/wp-json\/wp\/v2\/pages"}],"about":[{"href":"https:\/\/www.sporilovskams.cz\/jihozapadni\/wp-json\/wp\/v2\/types\/page"}],"author":[{"embeddable":true,"href":"https:\/\/www.sporilovskams.cz\/jihozapadni\/wp-json\/wp\/v2\/users\/1"}],"replies":[{"embeddable":true,"href":"https:\/\/www.sporilovskams.cz\/jihozapadni\/wp-json\/wp\/v2\/comments?post=21"}],"version-history":[{"count":308,"href":"https:\/\/www.sporilovskams.cz\/jihozapadni\/wp-json\/wp\/v2\/pages\/21\/revisions"}],"predecessor-version":[{"id":2949,"href":"https:\/\/www.sporilovskams.cz\/jihozapadni\/wp-json\/wp\/v2\/pages\/21\/revisions\/2949"}],"wp:attachment":[{"href":"https:\/\/www.sporilovskams.cz\/jihozapadni\/wp-json\/wp\/v2\/media?parent=21"}],"curies":[{"name":"wp","href":"https:\/\/api.w.org\/{rel}","templated":true}]}}