{"id":1741,"date":"2022-03-16T11:46:13","date_gmt":"2022-03-16T10:46:13","guid":{"rendered":"https:\/\/www.sporilovskams.cz\/jihozapadni\/?page_id=1741"},"modified":"2022-11-27T19:26:01","modified_gmt":"2022-11-27T18:26:01","slug":"prohlaseni-o-pristupnosti","status":"publish","type":"page","link":"https:\/\/www.sporilovskams.cz\/jihozapadni\/prohlaseni-o-pristupnosti\/","title":{"rendered":"Prohl\u00e1\u0161en\u00ed o p\u0159\u00edstupnosti"},"content":{"rendered":"<div class=\"obsah\">\n<p><span style=\"font-family: arial, helvetica, sans-serif; font-size: 12pt;\">Provozovatel t\u011bchto webov\u00fdch str\u00e1nek se zavazuje ke zp\u0159\u00edstupn\u011bn\u00ed jejich obsahu v souladu se sm\u011brnic\u00ed Evropsk\u00e9ho parlamentu a Rady (EU) 2016\/2102, d\u00e1le v souladu se z\u00e1konem \u010d. 99\/2019 Sb., o p\u0159\u00edstupnosti internetov\u00fdch str\u00e1nek a mobiln\u00edch aplikac\u00ed a o zm\u011bn\u011b z\u00e1kona \u010d. 365\/2000 Sb., o informa\u010dn\u00edch syst\u00e9mech ve\u0159ejn\u00e9 spr\u00e1vy a o zm\u011bn\u011b n\u011bkter\u00fdch dal\u0161\u00edch z\u00e1kon\u016f ve zn\u011bn\u00ed pozd\u011bj\u0161\u00edch p\u0159edpis\u016f.<\/span><\/p>\n<p><span style=\"font-family: arial, helvetica, sans-serif; font-size: 12pt;\">Toto prohl\u00e1\u0161en\u00ed o p\u0159\u00edstupnosti se vztahuje na webovou str\u00e1nku <a href=\"http:\/\/www.msparmskacz\">www.sporilovskams.cz<\/a>&nbsp;a str\u00e1nky vno\u0159en\u00e9<\/span><\/p>\n<p>&nbsp;<\/p>\n<p><span style=\"font-family: arial, helvetica, sans-serif; font-size: 12pt;\"><strong>Stav souladu<\/strong><\/span><\/p>\n<p><span style=\"font-family: arial, helvetica, sans-serif; font-size: 12pt;\">Internetov\u00e9 str\u00e1nky jsou v souladu s v\u00fd\u0161e uveden\u00fdmi p\u0159edpisy a d\u00e1le s EN 301 549 V2 1.2 a standardem WCAG 2.1 s v\u00fdjimkami uveden\u00fdmi n\u00ed\u017ee. N\u011bkter\u00e9 dokumenty p\u0159ich\u00e1zej\u00edc\u00ed pro uve\u0159ejn\u011bn\u00ed na web jsou ji\u017e nep\u0159\u00edstupn\u00e9 (z jin\u00fdch \u00fa\u0159ad\u016f apod.). Provozovatel webu m\u00e1 povinnost je zve\u0159ejnit. Obdobn\u011b n\u011bkter\u00e1 star\u0161\u00ed fota \u010di fotoalba ve fotogaleri\u00edch postr\u00e1daj\u00ed alternativn\u00ed textov\u00fd popis. N\u011bkter\u00e1 videa vlo\u017een\u00e1 p\u0159\u00edmo na web mohou postr\u00e1dat titulky. Uveden\u00ed t\u011bchto nedostatk\u016f do souladu se z\u00e1konem a s pravidly p\u0159\u00edstupnosti by v tomto p\u0159\u00edpad\u011b bylo pro provozovatele finan\u010dn\u011b n\u00e1ro\u010dn\u00e9, podle \u00a7 7 z\u00e1kona \u010d. 99\/2019 Sb., toto nen\u00ed dodate\u010dn\u011b upravov\u00e1no.<\/span><br \/>\n<span style=\"font-family: arial, helvetica, sans-serif; font-size: 12pt;\">N\u011bkter\u00e9 informace na tomto webu jsou nab\u00edzeny v podob\u011b dokument\u016f form\u00e1tu PDF. Pro zobrazen\u00ed takov\u00fdch dokument\u016f je t\u0159eba m\u00edt nainstalovan\u00fd PDF prohl\u00ed\u017ee\u010d. V\u011bt\u0161inu dokument\u016f ve form\u00e1tu PDF je mo\u017en\u00e9 zobrazit p\u0159\u00edmo v b\u011b\u017en\u00fdch prohl\u00ed\u017ee\u010d\u00edch. D\u00e1le zde mohou b\u00fdt dokumenty ve form\u00e1tech .doc, .docx, .odt, .xls, .xlsx, .ods a podobn\u00fdch. Tyto soubory dok\u00e1\u017ee zobrazit v\u011bt\u0161ina b\u011b\u017en\u011b pou\u017e\u00edvan\u00fdch textov\u00fdch editor\u016f. V n\u011bkter\u00fdch p\u0159\u00edpadech se mohou zobrazovat p\u0159\u00edmo v prohl\u00ed\u017ee\u010di v p\u0159\u00edstupn\u00e9 form\u011b.<\/span><\/p>\n<p>&nbsp;<\/p>\n<p><span style=\"font-family: arial, helvetica, sans-serif; font-size: 12pt;\"><strong>Postupy pro prosazov\u00e1n\u00ed pr\u00e1va<\/strong><\/span><\/p>\n<p><span style=\"font-family: arial, helvetica, sans-serif; font-size: 12pt;\">V p\u0159\u00edpad\u011b neuspokojiv\u00e9 odpov\u011bdi na ozn\u00e1men\u00ed nebo \u017e\u00e1dost zaslanou v souladu s \u010dl. 7 odst. 1 p\u00edsm. b) sm\u011brnice, kontaktujte p\u0159\u00edslu\u0161n\u00fd org\u00e1n pro prosazov\u00e1n\u00ed pr\u00e1va:<\/span><\/p>\n<p><span style=\"font-family: arial, helvetica, sans-serif; font-size: 12pt;\">Ministerstvo vnitra<\/span><br \/>\n<span style=\"font-family: arial, helvetica, sans-serif; font-size: 12pt;\">odbor eGovernmentu<\/span><br \/>\n<span style=\"font-family: arial, helvetica, sans-serif; font-size: 12pt;\">n\u00e1m\u011bst\u00ed Hrdin\u016f 1634\/3<\/span><br \/>\n<span style=\"font-family: arial, helvetica, sans-serif; font-size: 12pt;\">140 21 Praha 4<\/span><br \/>\n<span style=\"font-family: arial, helvetica, sans-serif; font-size: 12pt;\">e-mail: <a href=\"mailto:pristupnost@mvcr.cz\">pristupnost@mvcr.cz<\/a><\/span><\/p>\n<\/div>\n<p>&nbsp;<\/p>\n<p><span style=\"font-family: arial, helvetica, sans-serif; font-size: 12pt;\">Datum zpracov\u00e1n\u00ed tohoto prohl\u00e1\u0161en\u00ed &#8211; 01. 03. 2022<\/span><\/p>\n","protected":false},"excerpt":{"rendered":"<p>Provozovatel t\u011bchto webov\u00fdch str\u00e1nek se zavazuje ke zp\u0159\u00edstupn\u011bn\u00ed jejich obsahu v souladu se sm\u011brnic\u00ed Evropsk\u00e9ho parlamentu a Rady (EU) 2016\/2102, d\u00e1le v souladu se z\u00e1konem \u010d. 99\/2019 Sb., o p\u0159\u00edstupnosti internetov\u00fdch str\u00e1nek a mobiln\u00edch aplikac\u00ed a o zm\u011bn\u011b z\u00e1kona \u010d. 365\/2000 Sb., o informa\u010dn\u00edch syst\u00e9mech ve\u0159ejn\u00e9 spr\u00e1vy a o zm\u011bn\u011b n\u011bkter\u00fdch dal\u0161\u00edch z\u00e1kon\u016f ve zn\u011bn\u00ed&hellip;&nbsp;<a href=\"https:\/\/www.sporilovskams.cz\/jihozapadni\/prohlaseni-o-pristupnosti\/\" class=\"\" rel=\"bookmark\">Read More &raquo;<span class=\"screen-reader-text\">Prohl\u00e1\u0161en\u00ed o p\u0159\u00edstupnosti<\/span><\/a><\/p>\n","protected":false},"author":2,"featured_media":0,"parent":0,"menu_order":0,"comment_status":"closed","ping_status":"closed","template":"","meta":{"neve_meta_sidebar":"","neve_meta_container":"","neve_meta_enable_content_width":"off","neve_meta_content_width":100,"neve_meta_title_alignment":"","neve_meta_author_avatar":"","neve_post_elements_order":"","neve_meta_disable_header":"","neve_meta_disable_footer":"","neve_meta_disable_title":"","ngg_post_thumbnail":0,"footnotes":""},"class_list":["post-1741","page","type-page","status-publish","hentry"],"_links":{"self":[{"href":"https:\/\/www.sporilovskams.cz\/jihozapadni\/wp-json\/wp\/v2\/pages\/1741","targetHints":{"allow":["GET"]}}],"collection":[{"href":"https:\/\/www.sporilovskams.cz\/jihozapadni\/wp-json\/wp\/v2\/pages"}],"about":[{"href":"https:\/\/www.sporilovskams.cz\/jihozapadni\/wp-json\/wp\/v2\/types\/page"}],"author":[{"embeddable":true,"href":"https:\/\/www.sporilovskams.cz\/jihozapadni\/wp-json\/wp\/v2\/users\/2"}],"replies":[{"embeddable":true,"href":"https:\/\/www.sporilovskams.cz\/jihozapadni\/wp-json\/wp\/v2\/comments?post=1741"}],"version-history":[{"count":2,"href":"https:\/\/www.sporilovskams.cz\/jihozapadni\/wp-json\/wp\/v2\/pages\/1741\/revisions"}],"predecessor-version":[{"id":1977,"href":"https:\/\/www.sporilovskams.cz\/jihozapadni\/wp-json\/wp\/v2\/pages\/1741\/revisions\/1977"}],"wp:attachment":[{"href":"https:\/\/www.sporilovskams.cz\/jihozapadni\/wp-json\/wp\/v2\/media?parent=1741"}],"curies":[{"name":"wp","href":"https:\/\/api.w.org\/{rel}","templated":true}]}}