{"id":17,"date":"2015-08-20T19:24:11","date_gmt":"2015-08-20T18:24:11","guid":{"rendered":"http:\/\/www.sporilovskams.cz\/jihozapadni\/?page_id=17"},"modified":"2026-02-12T15:14:13","modified_gmt":"2026-02-12T14:14:13","slug":"aktuality","status":"publish","type":"page","link":"https:\/\/www.sporilovskams.cz\/jihozapadni\/aktuality\/","title":{"rendered":"Aktuality"},"content":{"rendered":"<div>\n<div style=\"text-align: center\">\n<p style=\"text-align: left\"><span style=\"color: #ff0000\"><strong>KAPACITA \u0160KOLY PRO PR\u00c1ZDNINOV\u00dd PROVOZ JE JI\u017d NAPLN\u011aNA !<\/strong><\/span><\/p>\n<hr \/>\n<p style=\"text-align: left\"><strong><span style=\"color: #800000\">Informace &#8211; Z\u00c1PIS\u00a0 k pr\u00e1zdninov\u00e9mu provozu\u00a0 7 &#8211; 8 \/2026<\/span><\/strong><\/p>\n<p style=\"text-align: left\"><span style=\"font-family: arial, helvetica, sans-serif\">Rada m\u011bstsk\u00e9 \u010d\u00e1sti Praha 4 schv\u00e1lila po dohod\u011b s \u0159editelkami mate\u0159sk\u00fdch \u0161kol z\u0159izovan\u00fdch M\u010c Praha 4 zaji\u0161t\u011bn\u00ed provozu M\u0160\u00a0 v obdob\u00ed \u010dervenec a srpen 2026 takto:<\/span><\/p>\n<p style=\"text-align: left\"><strong><span style=\"font-family: arial, helvetica, sans-serif\">Pr\u00e1zdninov\u00fd provoz\u00a0 Spo\u0159ilovsk\u00e9 M\u0160 je stanoven na term\u00edn\u00a0 10.8. \u2013 21.8. 2026.\u00a0 <\/span><\/strong><\/p>\n<p style=\"text-align: left\"><span style=\"font-family: arial, helvetica, sans-serif\"><span style=\"color: #800000\">Kmenov\u00e9 d\u011bti<\/span> Spo\u0159ilovsk\u00e9 M\u0160 mohou na pr\u00e1zdninov\u00fd provoz\u00a0 z\u00e1vazn\u011b p\u0159ihl\u00e1sit jejich z\u00e1konn\u00ed z\u00e1stupci zaps\u00e1n\u00edm do formul\u00e1\u0159e v jednotliv\u00fdch\u00a0 t\u0159\u00edd\u00e1ch &#8211; a to <span style=\"color: #800000\">do 31.1.2026<\/span>.\u00a0 \u00a0P\u0159ihl\u00e1\u0161ka je <span style=\"color: #800000\">z\u00e1vazn\u00e1 &#8211; s povinnost\u00ed platby \u0161koln\u00e9ho a stravn\u00e9ho p\u0159ipsan\u00e9ho na \u00fa\u010dty \u0161koly do 31.1. 2026<\/span>. (\u0160koln\u00e9 se nevrac\u00ed. Stravn\u00e9 se vrac\u00ed v adekv\u00e1tn\u00ed \u010d\u00e1stce &#8211; podle skute\u010dn\u00e9 doch\u00e1zky \u0159\u00e1dn\u011b omluven\u00e9ho d\u00edt\u011bte.)<\/span><\/p>\n<p style=\"text-align: left\"><span style=\"font-family: arial, helvetica, sans-serif\"><span style=\"color: #003300\"><strong>9. &#8211; 13. 2. 2026\u00a0<\/strong> \u00a0bude spu\u0161t\u011bn online z\u00e1pis na \u010dervencov\u00e9 a srpnov\u00e9 term\u00edny pr\u00e1zdninov\u00e9ho provozu pro d\u011bti mimo kmenov\u00e9 M\u0160<\/span>.\u00a0\u00a0<\/span><\/p>\n<p style=\"text-align: left\"><span style=\"color: #800000\"><strong>Postup pro rodi\u010de mimo sv\u00e9 kmenov\u00e9 M\u0160<\/strong><\/span><\/p>\n<ol>\n<li style=\"text-align: left\">St\u00e1hn\u011bte si p\u0159ihl\u00e1\u0161ku do pr\u00e1zdninov\u00e9ho provozu ve V\u00e1mi zvolen\u00e9m term\u00ednu a vypl\u0148te ji (pokud nem\u00e1te p\u0159\u00edstup k\u00a0internetu, p\u0159ihl\u00e1\u0161ku V\u00e1m na po\u017e\u00e1d\u00e1n\u00ed vydaj\u00ed ve Va\u0161\u00ed kmenov\u00e9 \u0161kole). Nezapome\u0148te za\u0161krtnout zvolenou mate\u0159skou \u0161kolu (M\u0160) a jednotliv\u00e9 dny, na kter\u00e9 d\u00edt\u011b p\u0159ihla\u0161ujete.<\/li>\n<li style=\"text-align: left\">P\u0159ihl\u00e1\u0161ku doru\u010dte do V\u00e1mi zvolen\u00e9 M\u0160 ve dnech <strong><span style=\"color: #003300\">9<\/span><\/strong><span style=\"color: #003300\"><strong>. \u2013 13. 2. 2026<\/strong><\/span> (osobn\u011b, e-mailem : msjihozapadni@seznam.cz nebo datovou schr\u00e1nkou \u0161koly. P\u0159ihl\u00e1\u0161ka je evidov\u00e1na dle data a \u010dasu doru\u010den\u00ed.<\/li>\n<li style=\"text-align: left\">M\u0160, kter\u00e1 obdr\u017e\u00ed Va\u0161i p\u0159ihl\u00e1\u0161ku, V\u00e1m sd\u011bl\u00ed\/po\u0161le potvrzuj\u00edc\u00ed zpr\u00e1vu o registraci d\u00edt\u011bte do letn\u00edho provozu. Z\u00e1rove\u0148 obdr\u017e\u00edte informace o platb\u00e1ch a p\u0159id\u011blen\u00e9m VS.<\/li>\n<li style=\"text-align: left\">V\u00a0p\u0159\u00edpad\u011b napln\u011bn\u00ed kapacity konkr\u00e9tn\u00ed M\u0160 budete o t\u00e9to skute\u010dnosti vyrozum\u011bni.<\/li>\n<li style=\"text-align: left\">Term\u00edn pro zaplacen\u00ed \u0161koln\u00e9ho a stravn\u00e9ho, tj term\u00edn p\u0159ips\u00e1n\u00ed platby na \u00fa\u010det \u0161koly, je <strong>do 25. 2. 2026 v\u010detn\u011b. Zaplacen\u00e9 \u0161koln\u00e9 ve v\u00fd\u0161i 750 K\u010d je nevratn\u00e9! <\/strong><\/li>\n<li style=\"text-align: left\">D\u00edt\u011b, kter\u00e9 <strong>nebude<\/strong> m\u00edt do dan\u00e9ho term\u00ednu zaplaceno, bude z\u00a0letn\u00edho provozu vy\u0159azeno.<\/li>\n<li style=\"text-align: left\">V\u00a0p\u0159\u00edpad\u011b nejasnost\u00ed se obra\u0165te na \u0159editelku p\u0159\u00edslu\u0161n\u00e9 \u0161koly.<\/li>\n<\/ol>\n<p>&nbsp;<\/p>\n<p><a href=\"http:\/\/www.sporilovskams.cz\/jihozapadni\/wp-content\/uploads\/sites\/2\/2026\/01\/Seznam-MS-letni-provoz-hypertextovy.pdf\">Seznam M\u0160 &#8211; letn\u00ed provoz &#8211; hypertextov\u00fd<\/a><\/p>\n<p><a href=\"http:\/\/www.sporilovskams.cz\/jihozapadni\/wp-content\/uploads\/sites\/2\/2026\/01\/1.-Prihlaska-na-obdobi-1.-7.-12.-7.-2026-1.docx\">1. P\u0159ihl\u00e1\u0161ka na obdob\u00ed 1. 7. &#8211; 12. 7. 2026 (1)<\/a><\/p>\n<p><a href=\"http:\/\/www.sporilovskams.cz\/jihozapadni\/wp-content\/uploads\/sites\/2\/2026\/01\/2.-Prihlaska-na-obdobi-13.-7.-26.-7.-2026.docx\">2. P\u0159ihl\u00e1\u0161ka na obdob\u00ed 13. 7. &#8211; 26. 7. 2026<\/a><\/p>\n<p><a href=\"http:\/\/www.sporilovskams.cz\/jihozapadni\/wp-content\/uploads\/sites\/2\/2026\/01\/3.-Prihlaska-na-obdobi-27.-7.-9.-8.-2026.docx\">3. P\u0159ihl\u00e1\u0161ka na obdob\u00ed 27. 7. &#8211; 9. 8. 2026<\/a><\/p>\n<p><a href=\"http:\/\/www.sporilovskams.cz\/jihozapadni\/wp-content\/uploads\/sites\/2\/2026\/01\/4.-Prihlaska-na-obdobi-10.-8.-23.-8.-2026.docx\">4. P\u0159ihl\u00e1\u0161ka na obdob\u00ed 10. 8. &#8211; 23. 8. 2026<\/a><\/p>\n<p>&nbsp;<\/p>\n<hr \/>\n<p><span style=\"font-family: 'arial black', sans-serif;font-size: 14pt\"><strong><span style=\"color: #800000\">Informace k z\u00e1pisu pro \u0161koln\u00ed rok 2026\/2027<\/span><\/strong><\/span><\/p>\n<p><span style=\"font-family: arial, helvetica, sans-serif\">Den otev\u0159en\u00fdch dve\u0159\u00ed v M\u0160 Jihoz\u00e1padn\u00ed prob\u011bhne ve st\u0159edu <strong>25.2.2026 od 14:30 do 17:00hod.<\/strong><\/span><\/p>\n<p>(prohl\u00eddka \u0161koly, t\u0159\u00eddy, mo\u017enost konzultace s u\u010ditelkami a veden\u00edm \u0161koly)<\/p>\n<p><span style=\"color: #800000\">Dal\u0161\u00ed informace naleznete v sekci\u00a0 Z\u00c1PIS<\/span><\/p>\n<p>&nbsp;<\/p>\n<hr \/>\n<p><span style=\"font-family: 'arial black', sans-serif;font-size: 14pt;color: #000000\"><strong>Informace pro \u0161koln\u00ed rok 2025\/2026<\/strong><\/span><\/p>\n<p>&nbsp;<\/p>\n<p><span style=\"font-family: arial, helvetica, sans-serif\"><strong>Provoz M\u0160\u00a0 v dob\u011b \u0161koln\u00edch pr\u00e1zdnin:<\/strong><\/span><\/p>\n<p style=\"text-align: justify\"><span style=\"font-family: arial, helvetica, sans-serif\"><strong>Podzimn\u00ed pr\u00e1zdniny<\/strong><\/span><\/p>\n<p style=\"text-align: justify\"><span style=\"font-family: arial, helvetica, sans-serif\">27.\u0159\u00edjna podzimn\u00ed pr\u00e1zdniny v Z\u0160 (provoz Spo\u0159ilovsk\u00e9 M\u0160 omezen &#8211; nahlaste doch\u00e1zku do M\u0160)<\/span><\/p>\n<p style=\"text-align: justify\"><span style=\"font-family: arial, helvetica, sans-serif\">28.\u0159\u00edjna \u2013 zav\u0159eno \u2013 st\u00e1tn\u00ed sv\u00e1tek<\/span><\/p>\n<p style=\"text-align: justify\"><span style=\"font-family: arial, helvetica, sans-serif\">29. \u0159\u00edjna podzimn\u00ed pr\u00e1zdniny v Z\u0160 (provoz Spo\u0159ilovsk\u00e9 M\u0160 omezen &#8211; nahlaste doch\u00e1zku do M\u0160)<\/span><\/p>\n<p style=\"text-align: justify\"><span style=\"font-family: arial, helvetica, sans-serif\">30.-31. \u0159\u00edjna \u0159editelsk\u00e9 volno v Z\u0160 Ji\u017en\u00ed (provoz Spo\u0159ilovsk\u00e9 M\u0160 omezen &#8211; nahlaste doch\u00e1zku do M\u0160)<\/span><\/p>\n<p style=\"text-align: justify\"><span style=\"font-family: arial, helvetica, sans-serif\"><strong>V\u00e1no\u010dn\u00ed pr\u00e1zdniny<\/strong><\/span><\/p>\n<p style=\"text-align: justify\"><span style=\"font-family: arial, helvetica, sans-serif\">22. prosince 2025 \u2013 2. ledna 2026\u00a0 \u2013 p\u0159eru\u0161en\u00ed provozu\u00a0 z organiza\u010dn\u00edch d\u016fvod\u016f v souladu s ustanoven\u00edm \u00a7 3 odst.2 vyhl\u00e1\u0161ky 14\/2005 Sb. o p\u0159ed\u0161koln\u00edm vzd\u011bl\u00e1v\u00e1n\u00ed ve zn\u011bn\u00ed pozd\u011bj\u0161\u00edch p\u0159edpis\u016f.<\/span><\/p>\n<p style=\"text-align: justify\"><span style=\"font-family: arial, helvetica, sans-serif\">P\u0159eru\u0161en\u00fd provoz je ve v\u0161ech mate\u0159sk\u00fdch \u0161kol\u00e1ch v\u00a0 Praze 4<\/span><\/p>\n<p style=\"text-align: justify\"><span style=\"font-family: arial, helvetica, sans-serif\"><strong><span style=\"font-family: arial, helvetica, sans-serif\">Pololetn\u00ed pr\u00e1zdniny<\/span><\/strong><\/span><\/p>\n<p style=\"text-align: left\"><span style=\"font-family: arial, helvetica, sans-serif\">30 1 2026\u00a0 \u00a0volno v Z\u0160 Ji\u017en\u00ed (provoz Spo\u0159ilovsk\u00e9 M\u0160 omezen &#8211; nahlaste doch\u00e1zku do M\u0160)<\/span><\/p>\n<\/div>\n<p><span style=\"font-family: arial, helvetica, sans-serif\"><strong>Jarn\u00ed pr\u00e1zdniny<\/strong><\/span><\/p>\n<p><span style=\"font-family: arial, helvetica, sans-serif\">16.2. &#8211; 20.2.2026\u00a0 \u00a0volno v Z\u0160 Ji\u017en\u00ed (provoz Spo\u0159ilovsk\u00e9 M\u0160 omezen &#8211; nahlaste doch\u00e1zku do M\u0160)<\/span><\/p>\n<\/div>\n<hr \/>\n<p style=\"text-align: center\"><span style=\"color: #800000;font-family: 'arial black', sans-serif\"><span style=\"color: #000000\">M\u011bstsk\u00e1 \u010d\u00e1st Praha 4<\/span><\/span><\/p>\n<p style=\"text-align: center\"><span style=\"color: #800000;font-family: 'arial black', sans-serif\">RADA M\u011aSTSK\u00c9 \u010c\u00c1STI PRAHA 4<\/span><\/p>\n<p style=\"text-align: center\"><span style=\"color: #800000;font-family: 'arial black', sans-serif\">usnesen\u00ed 14. jedn\u00e1n\u00ed ze dne 4.6. 2025<\/span><\/p>\n<p style=\"text-align: center\"><span style=\"color: #800000;font-family: 'arial black', sans-serif\">\u010d\u00edslo 14R-405\/2025<\/span><\/p>\n<p style=\"text-align: center\"><span style=\"color: #800000;font-family: 'arial black', sans-serif\"><span style=\"color: #000000\">STANOVUJE:<\/span><\/span><\/p>\n<p style=\"text-align: center\"><span style=\"color: #800000;font-family: 'arial black', sans-serif\">V\u00fd\u0161i m\u011bs\u00ed\u010dn\u00ed <span style=\"color: #000000;background-color: #ffff00\">\u00faplaty za p\u0159ed\u0161koln\u00ed vzd\u011bl\u00e1v\u00e1n\u00ed<\/span> na obdob\u00ed <span style=\"color: #000000;background-color: #ffff00\">\u0161koln\u00edho roku 2025\/2026<\/span><\/span><\/p>\n<p style=\"text-align: center\"><span style=\"color: #800000\"><span style=\"font-family: 'arial black', sans-serif\">ve v\u0161ech mate\u0159sk\u00fdch \u0161kol\u00e1ch z\u0159izovan\u00fdch M\u010c Praha 4 ve v\u00fd\u0161i\u00a0 <span style=\"background-color: #ffff00\"><span style=\"color: #000000\">1 500 K\u010d<\/span><\/span><\/span><\/span><span style=\"font-family: arial, helvetica, sans-serif;font-size: 8pt\">\u00a0 \u00a0 \u00a0 <\/span><span style=\"color: #800000\"><span style=\"font-family: arial, helvetica, sans-serif;font-size: 8pt\">\u00a0 \u00a0 \u00a0 <\/span>\u00a0<\/span><\/p>\n<hr \/>\n<p><span style=\"font-family: arial, helvetica, sans-serif;color: #993300\"><b>INFORMACE PRO RODI\u010cE KE \u0160KOLN\u00cdMU ROKU 2025\/2026<\/b><\/span><\/p>\n<p>&nbsp;<\/p>\n<p><span style=\"font-family: arial, helvetica, sans-serif;color: #993300\"><b>Provozn\u00ed doba \u0161koly je od 7:00 do 17:00 hodin:<\/b><\/span><\/p>\n<ul>\n<li style=\"font-weight: 400\"><span style=\"font-weight: 400;font-family: arial, helvetica, sans-serif\">7:00-8:45h \u2013 p\u0159\u00edchod d\u00edt\u011bte do M\u0160<\/span><\/li>\n<li style=\"font-weight: 400\"><span style=\"font-weight: 400;font-family: arial, helvetica, sans-serif\">12:15-13:00h \u2013 vyzved\u00e1v\u00e1n\u00ed d\u011bt\u00ed z M\u0160 po ob\u011bd\u011b<\/span><\/li>\n<li style=\"font-weight: 400\"><span style=\"font-weight: 400;font-family: arial, helvetica, sans-serif\">15:00-17:00h \u2013 odpoledn\u00ed vyzved\u00e1v\u00e1n\u00ed d\u011bt\u00ed z M\u0160<\/span><\/li>\n<\/ul>\n<p>&nbsp;<\/p>\n<p><span style=\"font-family: arial, helvetica, sans-serif;color: #993300\"><b>Finan\u010dn\u00ed \u00fahrady:<\/b><\/span><\/p>\n<ul>\n<li><span style=\"font-weight: 400;font-family: arial, helvetica, sans-serif\">\u00fahrada za \u0161koln\u00ed vzd\u011bl\u00e1v\u00e1n\u00ed \u2013 1500K\u010d\/m\u011bs\u00edc\u00a0<\/span><\/li>\n<li><span style=\"font-weight: 400;font-family: arial, helvetica, sans-serif\">stravn\u00e9 \u2013 1080K\u010d\/m\u011bs\u00edc \u2013 42K\u010d\/p\u016flden, 54K\u010d\/den (pro O\u0160D 44K\u010d\/p\u016flden, 56K\u010d\/den)<\/span><\/li>\n<li><span style=\"font-weight: 400;font-family: arial, helvetica, sans-serif\">p\u0159\u00edsp\u011bvek na kulturu \u2013 750K\u010d\/pololet\u00ed + 250K\u010d portfolio (hotov\u011b t\u0159\u00eddn\u00edm u\u010ditelk\u00e1m)<\/span><\/li>\n<\/ul>\n<p>&nbsp;<\/p>\n<p><span style=\"font-family: arial, helvetica, sans-serif;color: #993300\"><b>Aplikace ,,Na\u0161e M\u0160\u201d:<\/b><span style=\"font-weight: 400\">\u00a0\u00a0<\/span><\/span><\/p>\n<ul>\n<li><span style=\"font-weight: 400;font-family: arial, helvetica, sans-serif\">ke komunikaci s rodi\u010di vyu\u017e\u00edv\u00e1me aplikaci ,,Na\u0161e M\u0160\u201d<\/span><\/li>\n<li><span style=\"font-weight: 400;font-family: arial, helvetica, sans-serif\">d\u016fle\u017eit\u00e1 sd\u011blen\u00ed, omluvenky, fotografie, informace k akc\u00edm, krou\u017ek\u016fm atd.<\/span><\/li>\n<\/ul>\n<p>&nbsp;<\/p>\n<p><span style=\"font-family: arial, helvetica, sans-serif;color: #993300\"><b>Krou\u017eky:<\/b><\/span><\/p>\n<ul>\n<li style=\"font-weight: 400\"><span style=\"font-weight: 400;font-family: arial, helvetica, sans-serif\">kytara, keramika, pohybov\u00fd krou\u017eek, angli\u010dtina, (lekce plav\u00e1n\u00ed)<\/span><\/li>\n<\/ul>\n<p>&nbsp;<\/p>\n<p><span style=\"font-family: arial, helvetica, sans-serif;color: #993300\"><b>Doch\u00e1zka d\u011bt\u00ed:<\/b><span style=\"font-weight: 400\">\u00a0\u00a0<\/span><\/span><\/p>\n<ul>\n<li><span style=\"font-weight: 400;font-family: arial, helvetica, sans-serif\">d\u00edt\u011b p\u0159ed\u00e1vaj\u00ed rodi\u010de nebo pov\u011b\u0159en\u00e9 osoby pan\u00ed u\u010ditelce ve t\u0159\u00edd\u011b<\/span><\/li>\n<li><span style=\"font-weight: 400;font-family: arial, helvetica, sans-serif\">d\u00edt\u011b si vyzved\u00e1vaj\u00ed rodi\u010de nebo pov\u011b\u0159en\u00e9 osoby ve t\u0159\u00edd\u011b nebo odpoledne ze zahrady<\/span><\/li>\n<li><span style=\"font-weight: 400;font-family: arial, helvetica, sans-serif\">do M\u0160 doch\u00e1zej\u00ed d\u011bti zdrav\u00e9, za zdravotn\u00ed stav d\u011bt\u00ed jsou odpov\u011bdn\u00ed rodi\u010de, nachlazen\u00e9, nemocn\u00e9 d\u00edt\u011b nebo d\u00edt\u011b s \u00farazem pan\u00ed u\u010ditelka nesm\u00ed do kolektivu p\u0159ijmout<\/span><\/li>\n<li><span style=\"font-weight: 400;font-family: arial, helvetica, sans-serif\">omluvy d\u011bt\u00ed nejpozd\u011bji do 8:00h dan\u00e9ho dne p\u0159es aplikaci ,,Na\u0161e M\u0160\u201c (v p\u0159\u00edpad\u011b pozd\u011bj\u0161\u00ed omluvy ji\u017e nelze odhl\u00e1sit stravn\u00e9)<\/span><\/li>\n<\/ul>\n<p>&nbsp;<\/p>\n<p><span style=\"font-family: arial, helvetica, sans-serif;color: #993300\"><b>Pot\u0159eby do M\u0160:<\/b><\/span><\/p>\n<ul>\n<li style=\"font-weight: 400\"><span style=\"font-weight: 400;font-family: arial, helvetica, sans-serif\">p\u0159ez\u016fvky a boty na ven<\/span><\/li>\n<li style=\"font-weight: 400\"><span style=\"font-weight: 400;font-family: arial, helvetica, sans-serif\">pohodln\u00e9 oble\u010den\u00ed do t\u0159\u00eddy<\/span><\/li>\n<li style=\"font-weight: 400\"><span style=\"font-weight: 400;font-family: arial, helvetica, sans-serif\">p\u0159evle\u010den\u00ed na ven dle po\u010das\u00ed (p\u0159ipraven\u00e9 v horn\u00ed poli\u010dce sk\u0159\u00ed\u0148ky)<\/span><\/li>\n<li style=\"font-weight: 400\"><span style=\"font-weight: 400;font-family: arial, helvetica, sans-serif\">kompletn\u00ed n\u00e1hradn\u00ed oble\u010den\u00ed (v ta\u0161ce dole ve sk\u0159\u00ed\u0148ce)<\/span><\/li>\n<li style=\"font-weight: 400\"><span style=\"font-weight: 400;font-family: arial, helvetica, sans-serif\">zubn\u00ed kart\u00e1\u010dek a kel\u00edmek<\/span><\/li>\n<li style=\"font-weight: 400\"><span style=\"font-weight: 400;font-family: arial, helvetica, sans-serif\">py\u017eamo (nepot\u0159ebuj\u00ed d\u011bti, kter\u00e9 chod\u00ed po ob\u011bd\u011b)<\/span><\/li>\n<li style=\"font-weight: 400\"><span style=\"font-family: arial, helvetica, sans-serif\"><span style=\"font-weight: 400\">v\u0161e mus\u00ed b\u00fdt <\/span><span style=\"text-decoration: underline\"><b>podeps\u00e1no<\/b><\/span><\/span><\/li>\n<\/ul>\n<p><span style=\"font-weight: 400;font-family: arial, helvetica, sans-serif\">\u00a0\u00a0\u00a0\u00a0\u00a0\u00a0\u00a0\u00a0\u00a0\u00a0\u00a0\u00a0\u00a0\u00a0\u00a0\u00a0\u00a0\u00a0\u00a0\u00a0\u00a0\u00a0\u00a0\u00a0\u00a0\u00a0\u00a0<\/span><\/p>\n<p><span style=\"font-family: arial, helvetica, sans-serif;color: #993300\"><b>Co by d\u00edt\u011b m\u011blo zvl\u00e1dat p\u0159ed n\u00e1stupem do M\u0160:<\/b><\/span><\/p>\n<ul>\n<li style=\"font-weight: 400\"><span style=\"font-weight: 400;font-family: arial, helvetica, sans-serif\">zn\u00e1t sv\u00e9 jm\u00e9no a p\u0159\u00edjmen\u00ed<\/span><\/li>\n<li style=\"font-weight: 400\"><span style=\"font-weight: 400;font-family: arial, helvetica, sans-serif\">um\u011bt si \u0159\u00edci, co chce a pot\u0159ebuje<\/span><\/li>\n<li style=\"font-weight: 400\"><span style=\"font-weight: 400;font-family: arial, helvetica, sans-serif\">samostatn\u011b se svl\u00e9knout a obl\u00e9knout<\/span><\/li>\n<li style=\"font-weight: 400\"><span style=\"font-weight: 400;font-family: arial, helvetica, sans-serif\">nazouvat a vyzouvat obuv<\/span><\/li>\n<li style=\"font-weight: 400\"><span style=\"font-weight: 400;font-family: arial, helvetica, sans-serif\">poznat si sv\u00e9 v\u011bci a ukl\u00e1dat je na svou zna\u010dku<\/span><\/li>\n<li style=\"font-weight: 400\"><span style=\"font-weight: 400;font-family: arial, helvetica, sans-serif\">ukl\u00edzet po sob\u011b<\/span><\/li>\n<li style=\"font-weight: 400\"><span style=\"font-weight: 400;font-family: arial, helvetica, sans-serif\">pou\u017e\u00edvat kapesn\u00edk<\/span><\/li>\n<li style=\"font-weight: 400\"><span style=\"font-weight: 400;font-family: arial, helvetica, sans-serif\">dr\u017eet l\u017e\u00edci a um\u011bt se samo naj\u00edst<\/span><\/li>\n<li style=\"font-weight: 400\"><span style=\"font-weight: 400;font-family: arial, helvetica, sans-serif\">p\u00edt z hrne\u010dku a skleni\u010dky<\/span><\/li>\n<li style=\"font-weight: 400\"><span style=\"font-weight: 400;font-family: arial, helvetica, sans-serif\">pou\u017e\u00edvat toaletu (kompletn\u011b bez plen)<\/span><\/li>\n<li style=\"font-weight: 400\"><span style=\"font-weight: 400;font-family: arial, helvetica, sans-serif\">um\u00fdt si ruce m\u00fddlem a ut\u0159\u00edt si je do ru\u010dn\u00edku<\/span><\/li>\n<li style=\"font-weight: 400\"><span style=\"font-weight: 400;font-family: arial, helvetica, sans-serif\">vy\u010distit si zuby (pou\u017e\u00edv\u00e1me jen kart\u00e1\u010dek bez pasty)<\/span><\/li>\n<li style=\"font-weight: 400\"><span style=\"font-weight: 400;font-family: arial, helvetica, sans-serif\">uj\u00edt krat\u0161\u00ed vzd\u00e1lenost p\u0159i proch\u00e1zce<\/span><\/li>\n<\/ul>\n<p>&nbsp;<\/p>\n<hr \/>\n<p><img loading=\"lazy\" decoding=\"async\" class=\"aligncenter wp-image-2725\" src=\"http:\/\/www.sporilovskams.cz\/jihozapadni\/wp-content\/uploads\/sites\/2\/2025\/08\/Diplom-soutez-hasici-2024_25-95x133.png\" alt=\"\" width=\"300\" height=\"420\" srcset=\"https:\/\/www.sporilovskams.cz\/jihozapadni\/wp-content\/uploads\/sites\/2\/2025\/08\/Diplom-soutez-hasici-2024_25-95x133.png 95w, https:\/\/www.sporilovskams.cz\/jihozapadni\/wp-content\/uploads\/sites\/2\/2025\/08\/Diplom-soutez-hasici-2024_25.png 666w\" sizes=\"auto, (max-width: 300px) 100vw, 300px\" \/><\/p>\n<p style=\"text-align: center\"><span style=\"font-family: arial, helvetica, sans-serif\">Gratulujeme na\u0161\u00ed \u017ea\u010dce k 1. m\u00edstu v Liter\u00e1rn\u011b v\u00fdtvarn\u00e9 sout\u011b\u017ei ,,Po\u017e\u00e1rn\u00ed ochrana o\u010dima d\u011bt\u00ed a ml\u00e1de\u017ee 2025&#8243; <\/span><\/p>\n<p style=\"text-align: center\"><span style=\"font-family: arial, helvetica, sans-serif\">po\u0159\u00e1dan\u00e9 Sborem dobrovoln\u00fdch hasi\u010d\u016f Praha &#8211; Bran\u00edk.<\/span><\/p>\n<hr \/>\n<hr \/>\n<p style=\"text-align: center\"><img loading=\"lazy\" decoding=\"async\" class=\"aligncenter wp-image-2365\" src=\"http:\/\/www.sporilovskams.cz\/jihozapadni\/wp-content\/uploads\/sites\/2\/2024\/06\/odpustene-skolne-rodice-na-web.jpg\" alt=\"\" width=\"300\" height=\"233\" srcset=\"https:\/\/www.sporilovskams.cz\/jihozapadni\/wp-content\/uploads\/sites\/2\/2024\/06\/odpustene-skolne-rodice-na-web.jpg 869w, https:\/\/www.sporilovskams.cz\/jihozapadni\/wp-content\/uploads\/sites\/2\/2024\/06\/odpustene-skolne-rodice-na-web-171x133.jpg 171w, https:\/\/www.sporilovskams.cz\/jihozapadni\/wp-content\/uploads\/sites\/2\/2024\/06\/odpustene-skolne-rodice-na-web-768x597.jpg 768w\" sizes=\"auto, (max-width: 300px) 100vw, 300px\" \/><\/p>\n<p style=\"text-align: center\"><span style=\"color: #800000\">\u00a0 <span style=\"font-family: arial, helvetica, sans-serif;font-size: 8pt\">\u00a0Pro osvobozen\u00ed od platby \u0161koln\u00e9ho je nutn\u00e9\u00a0 dolo\u017een\u00ed aktu\u00e1ln\u00edho p\u0159\u00edsp\u011bvku &#8211; potvrzen\u00ed \u00da\u0159adu pr\u00e1ce<\/span><\/span><\/p>\n<hr \/>\n<hr \/>\n<p>&nbsp;<\/p>\n<p style=\"text-align: center\"><span style=\"color: #333399\"><strong><span style=\"font-family: arial, helvetica, sans-serif;font-size: 12pt;background-color: #ffffff\">Spo\u0159ilovsk\u00e1 M\u0160 Jihoz\u00e1padn\u00ed<\/span><\/strong><\/span><\/p>\n<p style=\"text-align: center\"><span style=\"font-family: arial, helvetica, sans-serif;font-size: 12pt;background-color: #ffffff\"><strong><a style=\"background-color: #ffffff\" href=\"mailto:msjihozapadni@seznam.cz\">msjihozapadni@seznam.cz<\/a><\/strong><\/span><\/p>\n<p style=\"text-align: center\"><span style=\"font-family: arial, helvetica, sans-serif;font-size: 12pt;background-color: #ffffff\">272 768 906<\/span><\/p>\n<p style=\"text-align: center\"><strong><span style=\"font-family: arial, helvetica, sans-serif;font-size: 12pt;background-color: #ffffff\">\u0158editelka : Mgr. Michaela Hirschov\u00e1 604 879 418<\/span><\/strong><\/p>\n<p style=\"text-align: center\"><span style=\"font-family: arial, helvetica, sans-serif;font-size: 14pt;background-color: #ffffff\"><span style=\"background-color: #ffffff\">reditelka@<\/span>sporilovskams.cz<\/span><\/p>\n<p style=\"text-align: center\"><span style=\"font-family: arial, helvetica, sans-serif;font-size: 12pt;background-color: #ffffff\">@<\/span><\/p>\n<p style=\"text-align: center\"><strong><span style=\"font-family: arial, helvetica, sans-serif;font-size: 12pt;background-color: #ffffff\">msjihozapadni@seznam.cz<\/span><\/strong><\/p>\n<p style=\"text-align: center\"><strong><span style=\"font-family: arial, helvetica, sans-serif;background-color: #ffffff;font-size: 12pt\"><span style=\"background-color: #ffffff\">sj_jihozapadni@sporilovskams.cz<\/span><\/span><\/strong><\/p>\n<p style=\"text-align: center\"><span style=\"font-family: arial, helvetica, sans-serif;font-size: 12pt\"><strong><span style=\"background-color: #ffffff\">\u00a0\u00a0\u00a0\u00a0\u00a0<\/span> <\/strong><\/span><\/p>\n","protected":false},"excerpt":{"rendered":"<p>KAPACITA \u0160KOLY PRO PR\u00c1ZDNINOV\u00dd PROVOZ JE JI\u017d NAPLN\u011aNA ! Informace &#8211; Z\u00c1PIS\u00a0 k pr\u00e1zdninov\u00e9mu provozu\u00a0 7 &#8211; 8 \/2026 Rada m\u011bstsk\u00e9 \u010d\u00e1sti Praha 4 schv\u00e1lila po dohod\u011b s \u0159editelkami mate\u0159sk\u00fdch \u0161kol z\u0159izovan\u00fdch M\u010c Praha 4 zaji\u0161t\u011bn\u00ed provozu M\u0160\u00a0 v obdob\u00ed \u010dervenec a srpen 2026 takto: Pr\u00e1zdninov\u00fd provoz\u00a0 Spo\u0159ilovsk\u00e9 M\u0160 je stanoven na term\u00edn\u00a0 10.8. \u2013&hellip;&nbsp;<a href=\"https:\/\/www.sporilovskams.cz\/jihozapadni\/aktuality\/\" class=\"\" rel=\"bookmark\">Read More &raquo;<span class=\"screen-reader-text\">Aktuality<\/span><\/a><\/p>\n","protected":false},"author":1,"featured_media":0,"parent":0,"menu_order":0,"comment_status":"closed","ping_status":"closed","template":"","meta":{"neve_meta_sidebar":"","neve_meta_container":"","neve_meta_enable_content_width":"off","neve_meta_content_width":100,"neve_meta_title_alignment":"","neve_meta_author_avatar":"","neve_post_elements_order":"","neve_meta_disable_header":"","neve_meta_disable_footer":"","neve_meta_disable_title":"","ngg_post_thumbnail":0,"footnotes":""},"class_list":["post-17","page","type-page","status-publish","hentry"],"_links":{"self":[{"href":"https:\/\/www.sporilovskams.cz\/jihozapadni\/wp-json\/wp\/v2\/pages\/17","targetHints":{"allow":["GET"]}}],"collection":[{"href":"https:\/\/www.sporilovskams.cz\/jihozapadni\/wp-json\/wp\/v2\/pages"}],"about":[{"href":"https:\/\/www.sporilovskams.cz\/jihozapadni\/wp-json\/wp\/v2\/types\/page"}],"author":[{"embeddable":true,"href":"https:\/\/www.sporilovskams.cz\/jihozapadni\/wp-json\/wp\/v2\/users\/1"}],"replies":[{"embeddable":true,"href":"https:\/\/www.sporilovskams.cz\/jihozapadni\/wp-json\/wp\/v2\/comments?post=17"}],"version-history":[{"count":300,"href":"https:\/\/www.sporilovskams.cz\/jihozapadni\/wp-json\/wp\/v2\/pages\/17\/revisions"}],"predecessor-version":[{"id":2910,"href":"https:\/\/www.sporilovskams.cz\/jihozapadni\/wp-json\/wp\/v2\/pages\/17\/revisions\/2910"}],"wp:attachment":[{"href":"https:\/\/www.sporilovskams.cz\/jihozapadni\/wp-json\/wp\/v2\/media?parent=17"}],"curies":[{"name":"wp","href":"https:\/\/api.w.org\/{rel}","templated":true}]}}