{"id":1466,"date":"2020-11-06T14:12:27","date_gmt":"2020-11-06T13:12:27","guid":{"rendered":"http:\/\/www.sporilovskams.cz\/jihozapadni\/?page_id=1466"},"modified":"2022-11-27T19:02:51","modified_gmt":"2022-11-27T18:02:51","slug":"distancni-vzdelavani","status":"publish","type":"page","link":"https:\/\/www.sporilovskams.cz\/jihozapadni\/distancni-vzdelavani\/","title":{"rendered":"Distan\u010dn\u00ed vzd\u011bl\u00e1v\u00e1n\u00ed"},"content":{"rendered":"<p><span style=\"font-family: arial, helvetica, sans-serif; font-size: 12pt;\">V\u00e1\u017een\u00ed rodi\u010de,<\/span><\/p>\n<p><span style=\"font-family: arial, helvetica, sans-serif; font-size: 12pt;\">na t\u00e9to str\u00e1nce jsou p\u0159ipravena formou odkazu jednotliv\u00e1 t\u00e9mata pro distan\u010dn\u00ed v\u00fduku.<\/span><\/p>\n<p><span style=\"font-family: arial, helvetica, sans-serif; font-size: 12pt;\">Ka\u017ed\u00e9 t\u00e9ma je interaktivn\u00ed s mo\u017enost\u00ed ov\u011b\u0159en\u00ed spr\u00e1vn\u00e9 dopov\u011bdi a se zobrazen\u00edm celkov\u00e9ho v\u00fdsledku.<\/span><\/p>\n<p>&nbsp;<\/p>\n<p style=\"text-align: center;\"><span style=\"background-color: #ffffff;\"><strong><span style=\"text-decoration: underline;\"><span style=\"font-family: arial black, sans-serif;\"><a style=\"background-color: #ffffff;\" href=\"https:\/\/skolakov.eu\/cesky-jazyk-1-trida\/zrakove-vnimani\" target=\"_blank\" rel=\"noopener noreferrer\"><span style=\"color: #000000; text-decoration: underline;\"><span style=\"font-size: 14pt;\">ZRAKOV\u00c9 VN\u00cdM\u00c1N\u00cd<\/span><\/span><\/a><\/span><\/span><\/strong><\/span><\/p>\n<p style=\"text-align: center;\"><span style=\"text-decoration: underline; color: #000000; font-size: 14pt;\"><span style=\"font-family: arial black, sans-serif;\"><a style=\"color: #000000; text-decoration: underline;\" href=\"https:\/\/skolakov.eu\/matematika-1-trida\/mnozstvi-a-porovnavani\" target=\"_blank\" rel=\"noopener noreferrer\">MNO\u017dSTV\u00cd A POROVN\u00c1V\u00c1N\u00cd<\/a><\/span><\/span><\/p>\n<p style=\"text-align: center;\"><span style=\"text-decoration: underline; color: #000000; font-size: 14pt;\"><span style=\"font-family: arial black, sans-serif;\"><a style=\"color: #000000; text-decoration: underline;\" href=\"https:\/\/skolakov.eu\/matematika-1-trida\/trideni-a-razeni\" target=\"_blank\" rel=\"noopener noreferrer\">T\u0158\u00cdD\u011aN\u00cd A \u0158AZEN\u00cd<\/a><\/span><\/span><\/p>\n<p style=\"text-align: center;\"><span style=\"text-decoration: underline; color: #000000; font-size: 14pt;\"><span style=\"font-family: arial black, sans-serif;\"><a style=\"color: #000000; text-decoration: underline;\" href=\"https:\/\/skolakov.eu\/matematika-1-trida\/prostorova-orientace\" target=\"_blank\" rel=\"noopener noreferrer\">PROSTOROV\u00c1 ORIENTACE<\/a><\/span><\/span><\/p>\n<p style=\"text-align: center;\"><span style=\"text-decoration: underline; color: #000000; font-size: 14pt;\"><span style=\"font-family: arial black, sans-serif;\"><a style=\"color: #000000; text-decoration: underline;\" href=\"https:\/\/skolakov.eu\/matematika-1-trida\/scitani-a-odcitani-do-3\" target=\"_blank\" rel=\"noopener noreferrer\">PO\u010c\u00cdT\u00c1ME DO 3<\/a><\/span><\/span><\/p>\n<p style=\"text-align: center;\"><span style=\"text-decoration: underline; color: #000000; font-size: 14pt;\"><span style=\"font-family: arial black, sans-serif;\"><a style=\"color: #000000; text-decoration: underline;\" href=\"https:\/\/skolakov.eu\/matematika-1-trida\/ciselna-rada-0-20\" target=\"_blank\" rel=\"noopener noreferrer\">\u010c\u00cdSELN\u00c1 \u0158ADA 0 &#8211; 20<\/a><\/span><\/span><\/p>\n<p>&nbsp;<\/p>\n<p>&nbsp;<\/p>\n","protected":false},"excerpt":{"rendered":"<p>V\u00e1\u017een\u00ed rodi\u010de, na t\u00e9to str\u00e1nce jsou p\u0159ipravena formou odkazu jednotliv\u00e1 t\u00e9mata pro distan\u010dn\u00ed v\u00fduku. Ka\u017ed\u00e9 t\u00e9ma je interaktivn\u00ed s mo\u017enost\u00ed ov\u011b\u0159en\u00ed spr\u00e1vn\u00e9 dopov\u011bdi a se zobrazen\u00edm celkov\u00e9ho v\u00fdsledku. &nbsp; ZRAKOV\u00c9 VN\u00cdM\u00c1N\u00cd MNO\u017dSTV\u00cd A POROVN\u00c1V\u00c1N\u00cd T\u0158\u00cdD\u011aN\u00cd A \u0158AZEN\u00cd PROSTOROV\u00c1 ORIENTACE PO\u010c\u00cdT\u00c1ME DO 3 \u010c\u00cdSELN\u00c1 \u0158ADA 0 &#8211; 20 &nbsp; &nbsp;<\/p>\n","protected":false},"author":2,"featured_media":0,"parent":0,"menu_order":0,"comment_status":"closed","ping_status":"closed","template":"","meta":{"neve_meta_sidebar":"","neve_meta_container":"","neve_meta_enable_content_width":"off","neve_meta_content_width":100,"neve_meta_title_alignment":"","neve_meta_author_avatar":"","neve_post_elements_order":"","neve_meta_disable_header":"","neve_meta_disable_footer":"","neve_meta_disable_title":"","ngg_post_thumbnail":0,"footnotes":""},"class_list":["post-1466","page","type-page","status-publish","hentry"],"_links":{"self":[{"href":"https:\/\/www.sporilovskams.cz\/jihozapadni\/wp-json\/wp\/v2\/pages\/1466","targetHints":{"allow":["GET"]}}],"collection":[{"href":"https:\/\/www.sporilovskams.cz\/jihozapadni\/wp-json\/wp\/v2\/pages"}],"about":[{"href":"https:\/\/www.sporilovskams.cz\/jihozapadni\/wp-json\/wp\/v2\/types\/page"}],"author":[{"embeddable":true,"href":"https:\/\/www.sporilovskams.cz\/jihozapadni\/wp-json\/wp\/v2\/users\/2"}],"replies":[{"embeddable":true,"href":"https:\/\/www.sporilovskams.cz\/jihozapadni\/wp-json\/wp\/v2\/comments?post=1466"}],"version-history":[{"count":9,"href":"https:\/\/www.sporilovskams.cz\/jihozapadni\/wp-json\/wp\/v2\/pages\/1466\/revisions"}],"predecessor-version":[{"id":1963,"href":"https:\/\/www.sporilovskams.cz\/jihozapadni\/wp-json\/wp\/v2\/pages\/1466\/revisions\/1963"}],"wp:attachment":[{"href":"https:\/\/www.sporilovskams.cz\/jihozapadni\/wp-json\/wp\/v2\/media?parent=1466"}],"curies":[{"name":"wp","href":"https:\/\/api.w.org\/{rel}","templated":true}]}}